{"id":1224,"date":"2015-11-26T07:39:28","date_gmt":"2015-11-26T06:39:28","guid":{"rendered":"http:\/\/www.messieurs-utopiques.com\/?page_id=1224"},"modified":"2015-11-26T07:39:28","modified_gmt":"2015-11-26T06:39:28","slug":"destination-asie","status":"publish","type":"page","link":"https:\/\/www.juli-as.fr\/index.php\/blog-de-voyage\/destination-asie\/","title":{"rendered":"Destination Asie"},"content":{"rendered":"<p style=\"text-align: justify;\">Un voyage de 10 mois autour de l&#8217;Asie, de novembre 2015 \u00e0 ao\u00fbt 2016, \u00e0 la rencontre des habitants, des coutumes, des religions, de la nourriture, en wwoofing, en autostop, en scooter parfois&#8230;<\/p>\n\n<p><script>\n  (function(i,s,o,g,r,a,m){i['GoogleAnalyticsObject']=r;i[r]=i[r]||function(){\n  (i[r].q=i[r].q||[]).push(arguments)},i[r].l=1*new Date();a=s.createElement(o),\n  m=s.getElementsByTagName(o)[0];a.async=1;a.src=g;m.parentNode.insertBefore(a,m)\n  })(window,document,'script','\/\/www.google-analytics.com\/analytics.js','ga');<\/p>\n<p>  ga('create', 'UA-71767550-1', 'auto');\n  ga('send', 'pageview');<\/p>\n<p><\/script><\/p>\n","protected":false},"excerpt":{"rendered":"<p>Un voyage de 10 mois autour de l&#8217;Asie, de novembre 2015 \u00e0 ao\u00fbt 2016, \u00e0 la rencontre des habitants, des coutumes, des religions, de la nourriture, en wwoofing, en autostop, en scooter parfois&#8230;<\/p>\n","protected":false},"author":2,"featured_media":0,"parent":317,"menu_order":0,"comment_status":"closed","ping_status":"open","template":"","meta":{"two_page_speed":[],"footnotes":""},"class_list":["post-1224","page","type-page","status-publish","hentry"],"_links":{"self":[{"href":"https:\/\/www.juli-as.fr\/index.php\/wp-json\/wp\/v2\/pages\/1224","targetHints":{"allow":["GET"]}}],"collection":[{"href":"https:\/\/www.juli-as.fr\/index.php\/wp-json\/wp\/v2\/pages"}],"about":[{"href":"https:\/\/www.juli-as.fr\/index.php\/wp-json\/wp\/v2\/types\/page"}],"author":[{"embeddable":true,"href":"https:\/\/www.juli-as.fr\/index.php\/wp-json\/wp\/v2\/users\/2"}],"replies":[{"embeddable":true,"href":"https:\/\/www.juli-as.fr\/index.php\/wp-json\/wp\/v2\/comments?post=1224"}],"version-history":[{"count":0,"href":"https:\/\/www.juli-as.fr\/index.php\/wp-json\/wp\/v2\/pages\/1224\/revisions"}],"up":[{"embeddable":true,"href":"https:\/\/www.juli-as.fr\/index.php\/wp-json\/wp\/v2\/pages\/317"}],"wp:attachment":[{"href":"https:\/\/www.juli-as.fr\/index.php\/wp-json\/wp\/v2\/media?parent=1224"}],"curies":[{"name":"wp","href":"https:\/\/api.w.org\/{rel}","templated":true}]}}