{"id":1421,"date":"2015-12-29T15:32:38","date_gmt":"2015-12-29T14:32:38","guid":{"rendered":"http:\/\/www.messieurs-utopiques.com\/?page_id=1421"},"modified":"2023-10-03T17:46:49","modified_gmt":"2023-10-03T15:46:49","slug":"europe-2015","status":"publish","type":"page","link":"https:\/\/www.juli-as.fr\/index.php\/trucs-et-astuces-du-voyageur\/europe-2015\/","title":{"rendered":"Europe 2015"},"content":{"rendered":"<p align=\"JUSTIFY\">Voici quelques chiffres pour rendre compte de mon voyage \u00e0 travers l&#8217;Europe. Ce voyage a \u00e9t\u00e9 mon premier en solitaire et j&#8217;ai appris sur le tas. Il y a quelques erreurs que, je l&#8217;esp\u00e8re, je ne referai pas, comme c\u00e9der \u00e0 trop d&#8217;anticipation. Il faut parfois surtout avoir de la patience.<\/p>\n<p style=\"text-align: justify;\"><strong>Bilan transports<\/strong><\/p>\n<p style=\"text-align: justify;\">J&#8217;ai parcouru 20 700 km au travers de l&#8217;Europe, dont 7 700 km en avion, 2 055 km en bus, 80 km en bateau, 1 370 km en train et 9 495 km en autostop. Mon voyage en autostop aura connu 62 chauffeurs diff\u00e9rents.<\/p>\n<p style=\"text-align: justify;\">Le voyage commence \u00e0 Paris et se termine \u00e0 Amsterdam \u00e0 l&#8217;a\u00e9roport direction Bali, pour le second voyage, \u00e0 travers l&#8217;Asie.<\/p>\n<div id='gallery-1' class='gallery galleryid-1421 gallery-columns-1 gallery-size-full'><figure class='gallery-item'>\n\t\t\t<div class='gallery-icon landscape'>\n\t\t\t\t<a href='https:\/\/www.juli-as.fr\/europemax09-1024x853\/'><img loading=\"lazy\" decoding=\"async\" width=\"1024\" height=\"853\" src=\"https:\/\/www.juli-as.fr\/wp-content\/uploads\/2017\/12\/europemax09-1024x853-1.png\" class=\"attachment-full size-full\" alt=\"\" srcset=\"https:\/\/www.juli-as.fr\/wp-content\/uploads\/2017\/12\/europemax09-1024x853-1.png 1024w, https:\/\/www.juli-as.fr\/wp-content\/uploads\/2017\/12\/europemax09-1024x853-1-300x250.png 300w, https:\/\/www.juli-as.fr\/wp-content\/uploads\/2017\/12\/europemax09-1024x853-1-768x640.png 768w\" sizes=\"auto, 100vw\" \/><\/a>\n\t\t\t<\/div><\/figure>\n\t\t<\/div>\n\n<p style=\"text-align: justify;\"><strong>Bilan workaway<\/strong><\/p>\n<p style=\"text-align: justify;\">De belles rencontres et la d\u00e9couverte de nouveaux m\u00e9tiers, de nouveaux environnements, de nouveaux modes de vie \u00e0 travers 9 diff\u00e9rents pays o\u00f9 j&#8217;ai eu l&#8217;occasion de faire un \u00e9change en workaway. L&#8217;exp\u00e9rience workaway permet de d\u00e9couvrir un pays de l&#8217;int\u00e9rieur mais aussi de rencontrer de nouvelles personnes et d&#8217;\u00e9largir sa vision du monde.<\/p>\n<p style=\"text-align: justify;\">Hollande : bateau Andere Boeg, centre de yoga (2 semaines)<br \/>\nPologne : th\u00e9\u00e2tre de Wolimierz, Stacja Wolimierz (2 semaines)<br \/>\nLituanie : camping et ferme de permaculture de Pasvalys (10 jours)<br \/>\nEstonie : ferme de moutons Murese Talu \u00e0 Viljandi (2 semaines et demi)<br \/>\nFinlande : Husky Guesthouse \u00e0 Ivalo (1 semaine)<br \/>\nNorv\u00e8ge : Gargia Guesthouse \u00e0 Alta (1 mois)<br \/>\nTurquie : Straycat hostel \u00e0 Istanbul (10 jours)<br \/>\nCroatie : White Rabbit hostel \u00e0 Hvar (1 semaine)<br \/>\nGr\u00e8ce : Th\u00e9\u00e2tre FixinArt \u00e0 Thessalonique (10 jours)<\/p>\n<p style=\"text-align: justify;\"><strong>Bilan h\u00e9bergement<\/strong><\/p>\n<p style=\"text-align: justify;\">Dormir correctement est indispensable \u00e0 un voyage au long cours. Je ne suis pas difficile en terme de couchage, oscillant entre ma tente dans mon duvet \u00e0 m\u00eame le sol, des matelas par terre et parfois des lits. Le plus important n&#8217;a jamais \u00e9t\u00e9 ce sur quoi, mais ce sous quoi je dormais. Et la douche du matin. Avoir un bon lit c&#8217;est un confort, mais une bonne douche \u00e9loigne les maladies et am\u00e8ne les amis. 194 nuits en tout pour ce voyage, dont seulement 7 financ\u00e9es par ma bourse dans des auberges de jeunesse.<\/p>\n<p style=\"text-align: justify;\">Via workaway : 118 nuits dont 14 dans un lit sur un bateau, 62 dans un vrai lit<br \/>\net 42 sur un matelas<br \/>\nauberges de jeunesse : 7 nuits<br \/>\nSous ma tente : 10 nuits<br \/>\nChez l&#8217;habitant en rencontre directe : 3 nuits (une \u00e0 Goteborg, Su\u00e8de, une \u00e0 Billeca, Bosnie, une \u00e0 Klaipeda, Lituanie)<br \/>\nVia couchsurfing : 22 nuits avec 7 h\u00e9bergeurs diff\u00e9rents aux 4 coins de l&#8217;Europe<br \/>\nEn voilier : 5 nuits sur le Roxana en Croatie pendant mon plus bel autostop<br \/>\nEn camion : 1 nuit \u00e0 la fronti\u00e8re Bulgarie\/Serbie pendant mon marathon<br \/>\n36h d&#8217;autostop avec Milica<br \/>\nA l&#8217;a\u00e9roport : 1 nuit \u00e0 Copenhague, 1 nuit \u00e0 Ath\u00e8nes et 1 nuit \u00e0 Amsterdam<br \/>\nChez les amis : 4 nuits \u00e0 Berlin chez Sylvain (quelles retrouvailles ^^)<br \/>\net 21 nuits chez mes amis en France<\/p>\n<p style=\"text-align: justify;\"><strong>Bilan Financier<\/strong><\/p>\n<p style=\"text-align: justify;\">Voici le bilan de mes d\u00e9penses autour de l&#8217;Europe. J&#8217;ai veill\u00e9 \u00e0 tenir un budget de 10\u20ac\/jour pour la dur\u00e9e du voyage. Je m&#8217;en sors pas mal avec un budget final de 2 000\u20ac pour 6 mois et demi (194 jours), soit 10,31\u20ac\/jour. Je n&#8217;ai pas eu l&#8217;impression de me priver pendant le voyage, mais je me contente de choses simples. J&#8217;ai craqu\u00e9 une fois pour une robe en Estonie et pour quelques nuits d&#8217;h\u00f4tel en Croatie.<\/p>\n<div id='gallery-2' class='gallery galleryid-1421 gallery-columns-1 gallery-size-full'><figure class='gallery-item'>\n\t\t\t<div class='gallery-icon landscape'>\n\t\t\t\t<a href='https:\/\/www.juli-as.fr\/depenses-gnr\/'><img loading=\"lazy\" decoding=\"async\" width=\"920\" height=\"618\" src=\"https:\/\/www.juli-as.fr\/wp-content\/uploads\/2017\/12\/depenses-gnr.jpg\" class=\"attachment-full size-full\" alt=\"\" srcset=\"https:\/\/www.juli-as.fr\/wp-content\/uploads\/2017\/12\/depenses-gnr.jpg 920w, https:\/\/www.juli-as.fr\/wp-content\/uploads\/2017\/12\/depenses-gnr-300x202.jpg 300w, https:\/\/www.juli-as.fr\/wp-content\/uploads\/2017\/12\/depenses-gnr-768x516.jpg 768w\" sizes=\"auto, 100vw\" \/><\/a>\n\t\t\t<\/div><\/figure>\n\t\t<\/div>\n\n<p style=\"text-align: justify;\">Les trois principaux postes de d\u00e9pense lorsqu&#8217;on voyage sont la nourriture, l&#8217;h\u00e9bergement et le transport. J&#8217;ai donc veill\u00e9 \u00e0 faire des \u00e9conomies dans ces trois secteurs :<\/p>\n<p style=\"text-align: justify;\"><strong>Transports :<\/strong> Mon voyage s&#8217;est effectu\u00e9 en Autostop pour la plupart de mes trajets. Quelques erreurs de d\u00e9but de parcours m&#8217;ont fait prendre des billets de train de derni\u00e8re minute qui m&#8217;ont cout\u00e9 un tiers de mes d\u00e9penses de transport. De mani\u00e8re g\u00e9n\u00e9rale l&#8217;autostop en Europe est tr\u00e8s efficace et permet d&#8217;\u00e9conomiser un maximum tout en faisant des rencontres qui peuvent \u00eatre tr\u00e8s sympathiques. Les autres achats sont principalement des tickets de m\u00e9tro ou de bus dans les grandes villes, quelques bus et avions. De mani\u00e8re g\u00e9n\u00e9rale, plus on s&#8217;y prend \u00e0 l&#8217;avance, moins le prix des transports est \u00e9lev\u00e9.<\/p>\n<p style=\"text-align: justify;\"><strong>Pour l&#8217;h\u00e9bergement<\/strong>, j&#8217;ai beaucoup utilis\u00e9 le syst\u00e8me workaway (travail contre h\u00e9bergement et nourriture) et le couchsurfing (nuits chez l&#8217;habitant) ou ma tente, ce qui m&#8217;a \u00e9vit\u00e9 beaucoup de d\u00e9penses. En tout j&#8217;ai dormi 7 nuits en payant ma chambre d&#8217;h\u00f4tel. C&#8217;est arriv\u00e9 apr\u00e8s 5 mois de voyage, lorsque je commen\u00e7ais \u00e0 fatiguer de la tente.<\/p>\n<p style=\"text-align: justify;\"><strong>Nourriture :<\/strong> Pour ceux qui me connaissent, je n&#8217;ai pas un gros app\u00e9tit et je suis v\u00e9g\u00e9tarienne. Je ne suis donc pas un exemple \u00e0 suivre en mati\u00e8re de d\u00e9penses de nourriture. Pour me nourrir, j&#8217;ai privil\u00e9gi\u00e9 la &#8220;street food&#8221; au maximum, j&#8217;ai \u00e9t\u00e9 souvent invit\u00e9e par mes couchsurfers, mes chauffeurs en autostop, j&#8217;ai \u00e9chang\u00e9 quelques repas au restaurant contre des concerts et j&#8217;ai \u00e9t\u00e9 nourrie par mes h\u00f4tes en workaway. Parfois des repas gargantuesques que je n&#8217;oublierai pas.<\/p>\n<p style=\"text-align: justify;\">Mes autres postes de d\u00e9pense concernent les sorties (mus\u00e9es, cin\u00e9mas, parcs, &#8230;), les v\u00eatements et produits d&#8217;hygi\u00e8ne \u00e0 changer en cours de route, m\u00eame si j&#8217;ai beaucoup fait de troc, les m\u00e9dicaments pour les quelques d\u00e9sagr\u00e9ments du voyage, les cadeaux (achet\u00e9s principalement \u00e0 Istanbul) et les cartes postales. Le poste &#8220;autres&#8221; regroupe deux matelas de yoga tr\u00e8s bon march\u00e9, un chargeur de portable pour cause de perte, du mat\u00e9riel pour ma cam\u00e9ra et d&#8217;autres petits gadgets.<\/p>\n<p style=\"text-align: justify;\">Le bilan financier par pays est fauss\u00e9 par les arrangements sans argent fais avec mes diff\u00e9rents logeurs. Le voici tout de m\u00eame pour ceux que \u00e7a int\u00e9resse.<\/p>\n<div id='gallery-3' class='gallery galleryid-1421 gallery-columns-1 gallery-size-full'><figure class='gallery-item'>\n\t\t\t<div class='gallery-icon landscape'>\n\t\t\t\t<a href='https:\/\/www.juli-as.fr\/par-pays\/'><img loading=\"lazy\" decoding=\"async\" width=\"676\" height=\"426\" src=\"https:\/\/www.juli-as.fr\/wp-content\/uploads\/2017\/12\/par-pays.jpg\" class=\"attachment-full size-full\" alt=\"\" srcset=\"https:\/\/www.juli-as.fr\/wp-content\/uploads\/2017\/12\/par-pays.jpg 676w, https:\/\/www.juli-as.fr\/wp-content\/uploads\/2017\/12\/par-pays-300x189.jpg 300w\" sizes=\"auto, 100vw\" \/><\/a>\n\t\t\t<\/div><\/figure>\n\t\t<\/div>\n\n<p style=\"text-align: justify;\">De mani\u00e8re g\u00e9n\u00e9rale les passages dans les grandes villes sont ceux qui m&#8217;ont co\u00fbt\u00e9 le plus cher. Je suis rest\u00e9e moins longtemps qu&#8217;ailleurs et j&#8217;ai eu envie de visiter plus, mus\u00e9es ou autres. Amsterdam a co\u00fbt\u00e9 cher et a alourdit le budget Hollande, le billet de train Dusseldorf-Berlin \u00e0 112\u20ac a alourdit mon budget Allemagne, et celui de Helsinki \u00e0 Rovaniemi (90\u20ac) a alourdit mon budget Finlandais.<\/p>\n<p style=\"text-align: justify;\">On trouve des solutions \u00e0 tous les budgets. La diff\u00e9rence se fait dans le niveau de confort souhait\u00e9. S&#8217;il est toujours possible de faire n&#8217;importe quel trajet en stop, il faut savoir prendre le temps. Un h\u00e9bergement est toujours possible gratuitement s&#8217;il on a le courage de demander de l&#8217;aide aux locaux, ou celui de sortir sa tente au milieu d&#8217;une friche. Les fins de march\u00e9 offrent souvent des prix comp\u00e9titifs sur la nourriture, voire la gratuit\u00e9 sur des cagettes de fruits et l\u00e9gumes dans certains coins. Il y a deux grandes fa\u00e7ons de voyager : utiliser de l&#8217;argent, ou avoir le temps. Un bon dosage fait de votre voyage une aventure unique.<\/p>\n","protected":false},"excerpt":{"rendered":"<p>Voici quelques chiffres pour rendre compte de mon voyage \u00e0 travers l&#8217;Europe. Ce voyage a \u00e9t\u00e9 mon premier en solitaire et j&#8217;ai appris sur le tas. Il y a quelques erreurs que, je l&#8217;esp\u00e8re, je ne referai pas, comme c\u00e9der \u00e0 trop d&#8217;anticipation. Il faut parfois surtout avoir de la patience. Bilan transports J&#8217;ai parcouru &hellip; <\/p>\n<p class=\"link-more\"><a href=\"https:\/\/www.juli-as.fr\/index.php\/trucs-et-astuces-du-voyageur\/europe-2015\/\" class=\"more-link\">Continue reading<span class=\"screen-reader-text\"> &#8220;Europe 2015&#8221;<\/span><\/a><\/p>\n","protected":false},"author":2,"featured_media":0,"parent":937,"menu_order":0,"comment_status":"closed","ping_status":"open","template":"","meta":{"two_page_speed":[],"footnotes":""},"class_list":["post-1421","page","type-page","status-publish","hentry"],"_links":{"self":[{"href":"https:\/\/www.juli-as.fr\/index.php\/wp-json\/wp\/v2\/pages\/1421","targetHints":{"allow":["GET"]}}],"collection":[{"href":"https:\/\/www.juli-as.fr\/index.php\/wp-json\/wp\/v2\/pages"}],"about":[{"href":"https:\/\/www.juli-as.fr\/index.php\/wp-json\/wp\/v2\/types\/page"}],"author":[{"embeddable":true,"href":"https:\/\/www.juli-as.fr\/index.php\/wp-json\/wp\/v2\/users\/2"}],"replies":[{"embeddable":true,"href":"https:\/\/www.juli-as.fr\/index.php\/wp-json\/wp\/v2\/comments?post=1421"}],"version-history":[{"count":7,"href":"https:\/\/www.juli-as.fr\/index.php\/wp-json\/wp\/v2\/pages\/1421\/revisions"}],"predecessor-version":[{"id":4492,"href":"https:\/\/www.juli-as.fr\/index.php\/wp-json\/wp\/v2\/pages\/1421\/revisions\/4492"}],"up":[{"embeddable":true,"href":"https:\/\/www.juli-as.fr\/index.php\/wp-json\/wp\/v2\/pages\/937"}],"wp:attachment":[{"href":"https:\/\/www.juli-as.fr\/index.php\/wp-json\/wp\/v2\/media?parent=1421"}],"curies":[{"name":"wp","href":"https:\/\/api.w.org\/{rel}","templated":true}]}}