{"id":317,"date":"2015-08-08T12:22:58","date_gmt":"2015-08-08T11:22:58","guid":{"rendered":"http:\/\/www.messieurs-utopiques.com\/?page_id=317"},"modified":"2015-08-08T12:22:58","modified_gmt":"2015-08-08T11:22:58","slug":"blog-de-voyage","status":"publish","type":"page","link":"https:\/\/www.juli-as.fr\/index.php\/blog-de-voyage\/","title":{"rendered":"Blog de voyage"},"content":{"rendered":"<p style=\"text-align: justify;\">Il m&#8217;a toujours sembl\u00e9 essentiel de conna\u00eetre le monde qui m&#8217;entoure. J&#8217;ai ouvert les grandes encyclop\u00e9dies en bas des \u00e9tag\u00e8res du salon, lu toutes les cartes &#8220;merveilles du monde&#8221; derri\u00e8re les tablettes de chocolat Nestl\u00e9 \u00e0 l&#8217;heure du go\u00fbt\u00e9, j&#8217;ai \u00e9cout\u00e9 les r\u00e9cits des amis-voyageurs de passage, puis avec internet, j&#8217;ai pu me rendre partout sans sortir de ma chambre, perch\u00e9e sur google earth, les pieds bien au chaud dans mes pantoufles.<\/p>\n<p style=\"text-align: justify;\">Voyager ne me tient pas chaud, ne me garantit pas une carri\u00e8re et une famille, ne remplit pas mon assiette pour demain. Mais depuis que je suis sur les routes, je n&#8217;ai jamais eu froid, je n&#8217;ai jamais manqu\u00e9 d&#8217;amour, et je n&#8217;ai jamais eu faim.<\/p>\n<p style=\"text-align: justify;\">Je vais ici partager avec vous ce que je vis sur les routes jour apr\u00e8s jour, des grandes d\u00e9couvertes aux petites joies du quotidien, et les rencontres extraordinaires qui bouleversent ma vie de nomade. Ce n&#8217;est pas le monde tel qu&#8217;il est, c&#8217;est le monde vu par mes yeux. Il est bien entendu tronqu\u00e9, modifi\u00e9, imag\u00e9, ressentit. J&#8217;esp\u00e8re \u00eatre aussi fid\u00e8le dans ces \u00e9crits que ce que j&#8217;ai \u00e9t\u00e9 \u00e0 chaque nouveau pas le long du chemin.<\/p>\n<p style=\"text-align: justify;\">\u00c0 chacun de prendre ici et ailleurs quelques brindilles pour alimenter son feu. Au plaisir d&#8217;\u00e9changer avec vous sur vos propres d\u00e9couvertes et de partager nos points de vue sur le monde.<\/p>\n<p style=\"text-align: justify;\">Cr\u00e9dit photo : Th\u00e9a<br \/>\nQui me suit avec sa maman depuis la France<\/p>\n","protected":false},"excerpt":{"rendered":"<p>Il m&#8217;a toujours sembl\u00e9 essentiel de conna\u00eetre le monde qui m&#8217;entoure. J&#8217;ai ouvert les grandes encyclop\u00e9dies en bas des \u00e9tag\u00e8res du salon, lu toutes les cartes &#8220;merveilles du monde&#8221; derri\u00e8re les tablettes de chocolat Nestl\u00e9 \u00e0 l&#8217;heure du go\u00fbt\u00e9, j&#8217;ai \u00e9cout\u00e9 les r\u00e9cits des amis-voyageurs de passage, puis avec internet, j&#8217;ai pu me rendre partout &hellip; <\/p>\n<p class=\"link-more\"><a href=\"https:\/\/www.juli-as.fr\/index.php\/blog-de-voyage\/\" class=\"more-link\">Continue reading<span class=\"screen-reader-text\"> &#8220;Blog de voyage&#8221;<\/span><\/a><\/p>\n","protected":false},"author":2,"featured_media":3379,"parent":0,"menu_order":0,"comment_status":"open","ping_status":"open","template":"","meta":{"two_page_speed":[],"footnotes":""},"class_list":["post-317","page","type-page","status-publish","has-post-thumbnail","hentry"],"_links":{"self":[{"href":"https:\/\/www.juli-as.fr\/index.php\/wp-json\/wp\/v2\/pages\/317","targetHints":{"allow":["GET"]}}],"collection":[{"href":"https:\/\/www.juli-as.fr\/index.php\/wp-json\/wp\/v2\/pages"}],"about":[{"href":"https:\/\/www.juli-as.fr\/index.php\/wp-json\/wp\/v2\/types\/page"}],"author":[{"embeddable":true,"href":"https:\/\/www.juli-as.fr\/index.php\/wp-json\/wp\/v2\/users\/2"}],"replies":[{"embeddable":true,"href":"https:\/\/www.juli-as.fr\/index.php\/wp-json\/wp\/v2\/comments?post=317"}],"version-history":[{"count":0,"href":"https:\/\/www.juli-as.fr\/index.php\/wp-json\/wp\/v2\/pages\/317\/revisions"}],"wp:featuredmedia":[{"embeddable":true,"href":"https:\/\/www.juli-as.fr\/index.php\/wp-json\/"}],"wp:attachment":[{"href":"https:\/\/www.juli-as.fr\/index.php\/wp-json\/wp\/v2\/media?parent=317"}],"curies":[{"name":"wp","href":"https:\/\/api.w.org\/{rel}","templated":true}]}}