{"id":4193,"date":"2023-09-22T14:17:53","date_gmt":"2023-09-22T12:17:53","guid":{"rendered":"https:\/\/www.juli-as.fr\/?page_id=4193"},"modified":"2024-09-10T13:53:31","modified_gmt":"2024-09-10T11:53:31","slug":"artiste","status":"publish","type":"page","link":"https:\/\/www.juli-as.fr\/index.php\/artiste\/","title":{"rendered":"Artiste"},"content":{"rendered":"\n<div class=\"wp-block-columns is-layout-flex wp-container-core-columns-is-layout-9d6595d7 wp-block-columns-is-layout-flex\">\n<div class=\"wp-block-column is-layout-flow wp-block-column-is-layout-flow\" style=\"flex-basis:33.33%\"><div class=\"wp-block-image\">\n<figure class=\"aligncenter size-full\"><a href=\"https:\/\/www.juli-as.fr\/index.php\/violoniste\/\"><img loading=\"lazy\" decoding=\"async\" width=\"1000\" height=\"1000\" src=\"http:\/\/www.juli-as.fr\/wp-content\/uploads\/2023\/09\/logo-violon.png\" alt=\"\" class=\"wp-image-4225\" srcset=\"https:\/\/www.juli-as.fr\/wp-content\/uploads\/2023\/09\/logo-violon.png 1000w, https:\/\/www.juli-as.fr\/wp-content\/uploads\/2023\/09\/logo-violon-300x300.png 300w, https:\/\/www.juli-as.fr\/wp-content\/uploads\/2023\/09\/logo-violon-150x150.png 150w, https:\/\/www.juli-as.fr\/wp-content\/uploads\/2023\/09\/logo-violon-768x768.png 768w, https:\/\/www.juli-as.fr\/wp-content\/uploads\/2023\/09\/logo-violon-100x100.png 100w\" sizes=\"auto, (max-width: 706px) 89vw, (max-width: 767px) 82vw, 740px\" \/><\/a><\/figure>\n<\/div><\/div>\n\n\n\n<div class=\"wp-block-column is-vertically-aligned-center is-layout-flow wp-block-column-is-layout-flow\" style=\"flex-basis:66.66%\">\n<p><strong><a href=\"https:\/\/www.juli-as.fr\/index.php\/violoniste\/\">Musicienne<\/a><\/strong><br>Violoniste, Guitariste et chanteuse<br>En recherche de nouveaux projets, et active pour des concerts ou des Jam<br>Actuellement sur plusieurs projets avec d&#8217;autres artistes et musiciens<\/p>\n<\/div>\n<\/div>\n\n\n\n<div class=\"wp-block-columns is-layout-flex wp-container-core-columns-is-layout-9d6595d7 wp-block-columns-is-layout-flex\">\n<div class=\"wp-block-column is-layout-flow wp-block-column-is-layout-flow\" style=\"flex-basis:33.33%\"><div class=\"wp-block-image\">\n<figure class=\"aligncenter size-full\"><a href=\"https:\/\/www.juli-as.fr\/index.php\/metteuse-en-scene\/\"><img loading=\"lazy\" decoding=\"async\" width=\"500\" height=\"500\" src=\"https:\/\/www.juli-as.fr\/wp-content\/uploads\/2024\/09\/logo-reflexion.png\" alt=\"\" class=\"wp-image-4801\" srcset=\"https:\/\/www.juli-as.fr\/wp-content\/uploads\/2024\/09\/logo-reflexion.png 500w, https:\/\/www.juli-as.fr\/wp-content\/uploads\/2024\/09\/logo-reflexion-300x300.png 300w, https:\/\/www.juli-as.fr\/wp-content\/uploads\/2024\/09\/logo-reflexion-150x150.png 150w, https:\/\/www.juli-as.fr\/wp-content\/uploads\/2024\/09\/logo-reflexion-100x100.png 100w\" sizes=\"auto, (max-width: 500px) 100vw, 500px\" \/><\/a><\/figure>\n<\/div><\/div>\n\n\n\n<div class=\"wp-block-column is-vertically-aligned-center is-layout-flow wp-block-column-is-layout-flow\" style=\"flex-basis:66.66%\">\n<p><strong><a href=\"https:\/\/www.juli-as.fr\/index.php\/metteuse-en-scene\/\">Metteuse en sc\u00e8ne<\/a><\/strong><br>Directrice d&#8217;acteurices, et cr\u00e9atrice de projets<br>productive en th\u00e9\u00e2tre, musique, th\u00e9\u00e2tre de rue, <br>Disponible pour de nouveaux projets<br>Actuellement en travail de recherche avec le Mouvement Bllux<\/p>\n<\/div>\n<\/div>\n\n\n\n<div class=\"wp-block-columns is-layout-flex wp-container-core-columns-is-layout-9d6595d7 wp-block-columns-is-layout-flex\">\n<div class=\"wp-block-column is-layout-flow wp-block-column-is-layout-flow\" style=\"flex-basis:33.33%\"><div class=\"wp-block-image\">\n<figure class=\"aligncenter size-full\"><a href=\"https:\/\/www.juli-as.fr\/index.php\/comedienne\/\"><img loading=\"lazy\" decoding=\"async\" width=\"500\" height=\"500\" src=\"https:\/\/www.juli-as.fr\/wp-content\/uploads\/2024\/09\/Logo-jeu-1.png\" alt=\"\" class=\"wp-image-4795\" srcset=\"https:\/\/www.juli-as.fr\/wp-content\/uploads\/2024\/09\/Logo-jeu-1.png 500w, https:\/\/www.juli-as.fr\/wp-content\/uploads\/2024\/09\/Logo-jeu-1-300x300.png 300w, https:\/\/www.juli-as.fr\/wp-content\/uploads\/2024\/09\/Logo-jeu-1-150x150.png 150w, https:\/\/www.juli-as.fr\/wp-content\/uploads\/2024\/09\/Logo-jeu-1-100x100.png 100w\" sizes=\"auto, (max-width: 500px) 100vw, 500px\" \/><\/a><\/figure>\n<\/div><\/div>\n\n\n\n<div class=\"wp-block-column is-vertically-aligned-center is-layout-flow wp-block-column-is-layout-flow\" style=\"flex-basis:66.66%\">\n<p><strong><a href=\"https:\/\/www.juli-as.fr\/index.php\/comedienne\/\">Com\u00e9dienne<\/a><\/strong><br>Exp\u00e9riences multiples sur la sc\u00e8ne, en jeune et tout public, actuellement sur un nouveau projet en tant que com\u00e9dienne, disponible pour des projets ponctuels<\/p>\n<\/div>\n<\/div>\n\n\n\n<div class=\"wp-block-columns is-layout-flex wp-container-core-columns-is-layout-9d6595d7 wp-block-columns-is-layout-flex\">\n<div class=\"wp-block-column is-layout-flow wp-block-column-is-layout-flow\" style=\"flex-basis:33.33%\"><div class=\"wp-block-image\">\n<figure class=\"aligncenter size-full\"><a href=\"https:\/\/www.juli-as.fr\/index.php\/textes\/\"><img loading=\"lazy\" decoding=\"async\" width=\"1000\" height=\"1000\" src=\"http:\/\/www.juli-as.fr\/wp-content\/uploads\/2023\/09\/logo-ecriture.png\" alt=\"\" class=\"wp-image-4307\" srcset=\"https:\/\/www.juli-as.fr\/wp-content\/uploads\/2023\/09\/logo-ecriture.png 1000w, https:\/\/www.juli-as.fr\/wp-content\/uploads\/2023\/09\/logo-ecriture-300x300.png 300w, https:\/\/www.juli-as.fr\/wp-content\/uploads\/2023\/09\/logo-ecriture-150x150.png 150w, https:\/\/www.juli-as.fr\/wp-content\/uploads\/2023\/09\/logo-ecriture-768x768.png 768w, https:\/\/www.juli-as.fr\/wp-content\/uploads\/2023\/09\/logo-ecriture-100x100.png 100w\" sizes=\"auto, (max-width: 706px) 89vw, (max-width: 767px) 82vw, 740px\" \/><\/a><\/figure>\n<\/div><\/div>\n\n\n\n<div class=\"wp-block-column is-vertically-aligned-center is-layout-flow wp-block-column-is-layout-flow\" style=\"flex-basis:66.66%\">\n<p><strong><a href=\"https:\/\/www.juli-as.fr\/index.php\/textes\/\">Autrice<\/a><\/strong><br>Animation d&#8217;ateliers d&#8217;\u00e9criture<br>Autrice de po\u00e9sies, de courts textes philosophiques, de chansons, disponible pour des projets d&#8217;\u00e9criture<\/p>\n<\/div>\n<\/div>\n\n\n\n<div class=\"wp-block-columns is-layout-flex wp-container-core-columns-is-layout-9d6595d7 wp-block-columns-is-layout-flex\">\n<div class=\"wp-block-column is-layout-flow wp-block-column-is-layout-flow\" style=\"flex-basis:33.33%\"><div class=\"wp-block-image\">\n<figure class=\"aligncenter size-full\"><a href=\"https:\/\/www.juli-as.fr\/index.php\/photos\/\"><img loading=\"lazy\" decoding=\"async\" width=\"500\" height=\"500\" src=\"http:\/\/www.juli-as.fr\/wp-content\/uploads\/2024\/09\/logo-photographe-2.png\" alt=\"\" class=\"wp-image-4799\" srcset=\"https:\/\/www.juli-as.fr\/wp-content\/uploads\/2024\/09\/logo-photographe-2.png 500w, https:\/\/www.juli-as.fr\/wp-content\/uploads\/2024\/09\/logo-photographe-2-300x300.png 300w, https:\/\/www.juli-as.fr\/wp-content\/uploads\/2024\/09\/logo-photographe-2-150x150.png 150w, https:\/\/www.juli-as.fr\/wp-content\/uploads\/2024\/09\/logo-photographe-2-100x100.png 100w\" sizes=\"auto, (max-width: 500px) 100vw, 500px\" \/><\/a><\/figure>\n<\/div><\/div>\n\n\n\n<div class=\"wp-block-column is-vertically-aligned-center is-layout-flow wp-block-column-is-layout-flow\" style=\"flex-basis:66.66%\">\n<p><strong><a href=\"https:\/\/www.juli-as.fr\/index.php\/photos\/\">Photographe<\/a><\/strong><br>Principalement travail en ext\u00e9rieur,<br>portraits ou photos d&#8217;espaces,<br>Urbex<\/p>\n<\/div>\n<\/div>\n","protected":false},"excerpt":{"rendered":"<p>MusicienneVioloniste, Guitariste et chanteuseEn recherche de nouveaux projets, et active pour des concerts ou des JamActuellement sur plusieurs projets avec d&#8217;autres artistes et musiciens Metteuse en sc\u00e8neDirectrice d&#8217;acteurices, et cr\u00e9atrice de projetsproductive en th\u00e9\u00e2tre, musique, th\u00e9\u00e2tre de rue, Disponible pour de nouveaux projetsActuellement en travail de recherche avec le Mouvement Bllux Com\u00e9dienneExp\u00e9riences multiples sur la &hellip; <\/p>\n<p class=\"link-more\"><a href=\"https:\/\/www.juli-as.fr\/index.php\/artiste\/\" class=\"more-link\">Continue reading<span class=\"screen-reader-text\"> &#8220;Artiste&#8221;<\/span><\/a><\/p>\n","protected":false},"author":1,"featured_media":0,"parent":0,"menu_order":0,"comment_status":"closed","ping_status":"closed","template":"","meta":{"two_page_speed":[],"footnotes":""},"class_list":["post-4193","page","type-page","status-publish","hentry"],"_links":{"self":[{"href":"https:\/\/www.juli-as.fr\/index.php\/wp-json\/wp\/v2\/pages\/4193","targetHints":{"allow":["GET"]}}],"collection":[{"href":"https:\/\/www.juli-as.fr\/index.php\/wp-json\/wp\/v2\/pages"}],"about":[{"href":"https:\/\/www.juli-as.fr\/index.php\/wp-json\/wp\/v2\/types\/page"}],"author":[{"embeddable":true,"href":"https:\/\/www.juli-as.fr\/index.php\/wp-json\/wp\/v2\/users\/1"}],"replies":[{"embeddable":true,"href":"https:\/\/www.juli-as.fr\/index.php\/wp-json\/wp\/v2\/comments?post=4193"}],"version-history":[{"count":6,"href":"https:\/\/www.juli-as.fr\/index.php\/wp-json\/wp\/v2\/pages\/4193\/revisions"}],"predecessor-version":[{"id":4829,"href":"https:\/\/www.juli-as.fr\/index.php\/wp-json\/wp\/v2\/pages\/4193\/revisions\/4829"}],"wp:attachment":[{"href":"https:\/\/www.juli-as.fr\/index.php\/wp-json\/wp\/v2\/media?parent=4193"}],"curies":[{"name":"wp","href":"https:\/\/api.w.org\/{rel}","templated":true}]}}