{"id":4203,"date":"2023-09-22T20:24:54","date_gmt":"2023-09-22T18:24:54","guid":{"rendered":"https:\/\/www.juli-as.fr\/?page_id=4203"},"modified":"2026-02-17T09:52:36","modified_gmt":"2026-02-17T08:52:36","slug":"masques","status":"publish","type":"page","link":"https:\/\/www.juli-as.fr\/index.php\/masques\/","title":{"rendered":"Masques"},"content":{"rendered":"\n<p>Le travail que je propose permet une d\u00e9couverte du masque comme moyen de jeu, mais aussi de travail des bases de la sc\u00e8ne. Les bases du jeu se retrouvent dans le travail de masque. <br><br>Le neutre pour trouver le point z\u00e9ro, l&#8217;ancrage, la ligne expressive du corps, <br>l&#8217;expressif pour travailler le corps, les \u00e9motions, puis le demi-masque pour travailler le personnage qui parle, la voix, la distance avec son personnage, la composition. <\/p>\n\n\n\n<figure class=\"wp-block-gallery has-nested-images columns-default is-cropped wp-block-gallery-1 is-layout-flex wp-block-gallery-is-layout-flex\">\n<figure class=\"wp-block-image size-large\"><img loading=\"lazy\" decoding=\"async\" width=\"1024\" height=\"683\" data-id=\"4596\" src=\"https:\/\/www.juli-as.fr\/wp-content\/uploads\/2023\/12\/IMG_9616-1024x683.jpg\" alt=\"\" class=\"wp-image-4596\" srcset=\"https:\/\/www.juli-as.fr\/wp-content\/uploads\/2023\/12\/IMG_9616-1024x683.jpg 1024w, https:\/\/www.juli-as.fr\/wp-content\/uploads\/2023\/12\/IMG_9616-300x200.jpg 300w, https:\/\/www.juli-as.fr\/wp-content\/uploads\/2023\/12\/IMG_9616-768x512.jpg 768w, https:\/\/www.juli-as.fr\/wp-content\/uploads\/2023\/12\/IMG_9616-1536x1024.jpg 1536w, https:\/\/www.juli-as.fr\/wp-content\/uploads\/2023\/12\/IMG_9616-2048x1365.jpg 2048w, https:\/\/www.juli-as.fr\/wp-content\/uploads\/2023\/12\/IMG_9616-600x400.jpg 600w\" sizes=\"auto, (max-width: 706px) 89vw, (max-width: 767px) 82vw, 740px\" \/><\/figure>\n\n\n\n<figure class=\"wp-block-image size-large\"><img loading=\"lazy\" decoding=\"async\" width=\"1024\" height=\"747\" data-id=\"5012\" src=\"https:\/\/www.juli-as.fr\/wp-content\/uploads\/2026\/02\/IMG_5326-1024x747.jpg\" alt=\"\" class=\"wp-image-5012\" srcset=\"https:\/\/www.juli-as.fr\/wp-content\/uploads\/2026\/02\/IMG_5326-1024x747.jpg 1024w, https:\/\/www.juli-as.fr\/wp-content\/uploads\/2026\/02\/IMG_5326-300x219.jpg 300w, https:\/\/www.juli-as.fr\/wp-content\/uploads\/2026\/02\/IMG_5326-768x560.jpg 768w, https:\/\/www.juli-as.fr\/wp-content\/uploads\/2026\/02\/IMG_5326-1536x1121.jpg 1536w, https:\/\/www.juli-as.fr\/wp-content\/uploads\/2026\/02\/IMG_5326-2048x1495.jpg 2048w, https:\/\/www.juli-as.fr\/wp-content\/uploads\/2026\/02\/IMG_5326-600x438.jpg 600w\" sizes=\"auto, (max-width: 706px) 89vw, (max-width: 767px) 82vw, 740px\" \/><\/figure>\n\n\n\n<figure class=\"wp-block-image size-large\"><img loading=\"lazy\" decoding=\"async\" width=\"1024\" height=\"683\" data-id=\"4594\" src=\"https:\/\/www.juli-as.fr\/wp-content\/uploads\/2023\/12\/IMG_10049-1024x683.jpg\" alt=\"\" class=\"wp-image-4594\" srcset=\"https:\/\/www.juli-as.fr\/wp-content\/uploads\/2023\/12\/IMG_10049-1024x683.jpg 1024w, https:\/\/www.juli-as.fr\/wp-content\/uploads\/2023\/12\/IMG_10049-300x200.jpg 300w, https:\/\/www.juli-as.fr\/wp-content\/uploads\/2023\/12\/IMG_10049-768x512.jpg 768w, https:\/\/www.juli-as.fr\/wp-content\/uploads\/2023\/12\/IMG_10049-1536x1024.jpg 1536w, https:\/\/www.juli-as.fr\/wp-content\/uploads\/2023\/12\/IMG_10049-2048x1365.jpg 2048w, https:\/\/www.juli-as.fr\/wp-content\/uploads\/2023\/12\/IMG_10049-600x400.jpg 600w\" sizes=\"auto, (max-width: 706px) 89vw, (max-width: 767px) 82vw, 740px\" \/><\/figure>\n<\/figure>\n\n\n\n<h2 class=\"wp-block-heading\">Ces diff\u00e9rentes \u00e9tapes se retrouvent dans mes stages<\/h2>\n\n\n\n<p>&#8211; Training physique pour une prise de conscience de son corps dans l&#8217;espace<br>&#8211; Exercices de ping-pong pour travailler le regard, l&#8217;attention, la mise en action<br>&#8211; Ch\u0153ur masqu\u00e9 pour entrer en \u00e9tat de jeu et prendre conscience des r\u00e8gles de base du jeu masqu\u00e9<br>&#8211; Naissance de masques pour travailler sur la sp\u00e9cificit\u00e9 de chaque type de masque<br>&#8211; Jeu masqu\u00e9 pour aller plus loin dans la d\u00e9couverte, avec un texte, ou sans texte<\/p>\n\n\n\n<figure class=\"wp-block-gallery has-nested-images columns-default is-cropped wp-block-gallery-2 is-layout-flex wp-block-gallery-is-layout-flex\">\n<figure class=\"wp-block-image size-large\"><img loading=\"lazy\" decoding=\"async\" width=\"2560\" height=\"1440\" data-id=\"5010\" src=\"https:\/\/www.juli-as.fr\/wp-content\/uploads\/2026\/02\/IMG_5419-edited-2-scaled.jpg\" alt=\"\" class=\"wp-image-5010\" srcset=\"https:\/\/www.juli-as.fr\/wp-content\/uploads\/2026\/02\/IMG_5419-edited-2-scaled.jpg 2560w, https:\/\/www.juli-as.fr\/wp-content\/uploads\/2026\/02\/IMG_5419-edited-2-300x169.jpg 300w, https:\/\/www.juli-as.fr\/wp-content\/uploads\/2026\/02\/IMG_5419-edited-2-1024x576.jpg 1024w, https:\/\/www.juli-as.fr\/wp-content\/uploads\/2026\/02\/IMG_5419-edited-2-768x432.jpg 768w, https:\/\/www.juli-as.fr\/wp-content\/uploads\/2026\/02\/IMG_5419-edited-2-1536x864.jpg 1536w, https:\/\/www.juli-as.fr\/wp-content\/uploads\/2026\/02\/IMG_5419-edited-2-2048x1152.jpg 2048w, https:\/\/www.juli-as.fr\/wp-content\/uploads\/2026\/02\/IMG_5419-edited-2-600x338.jpg 600w\" sizes=\"auto, (max-width: 706px) 89vw, (max-width: 767px) 82vw, 740px\" \/><\/figure>\n<\/figure>\n\n\n\n<h2 class=\"wp-block-heading\">Les objectifs de ce type de travail<\/h2>\n\n\n\n<p>&#8211; \u00c9veiller chez l&#8217;acteur le sens de l&#8217;\u00e9quilibre, la relaxation, la respiration, la concentration, l\u2019observation, le sens de l\u2019espace, le partage, le respect des autres et le travail de groupe<br>&#8211; Pr\u00e9parer l&#8217;acteur au jeu, seul ou en groupe, en conscience. <br>&#8211; D\u00e9velopper son \u00e9coute int\u00e9rieure et ma\u00eetriser son corps en jeu<\/p>\n\n\n\n<p><\/p>\n\n\n\n<p>Il est possible de travailler sur chacune de ces notions sur des temps courts de quelques jours, ou sur une saison compl\u00e8te avec des rendez-vous r\u00e9guliers.<br>\u00c0 d\u00e9finir ensemble<\/p>\n\n\n\n<figure class=\"wp-block-gallery aligncenter has-nested-images columns-default is-cropped wp-block-gallery-3 is-layout-flex wp-block-gallery-is-layout-flex\">\n<figure class=\"wp-block-image size-large\"><img loading=\"lazy\" decoding=\"async\" width=\"1024\" height=\"768\" data-id=\"5013\" src=\"https:\/\/www.juli-as.fr\/wp-content\/uploads\/2026\/02\/IMG_5374-1024x768.jpg\" alt=\"\" class=\"wp-image-5013\" srcset=\"https:\/\/www.juli-as.fr\/wp-content\/uploads\/2026\/02\/IMG_5374-1024x768.jpg 1024w, https:\/\/www.juli-as.fr\/wp-content\/uploads\/2026\/02\/IMG_5374-300x225.jpg 300w, https:\/\/www.juli-as.fr\/wp-content\/uploads\/2026\/02\/IMG_5374-768x576.jpg 768w, https:\/\/www.juli-as.fr\/wp-content\/uploads\/2026\/02\/IMG_5374-1536x1152.jpg 1536w, https:\/\/www.juli-as.fr\/wp-content\/uploads\/2026\/02\/IMG_5374-2048x1536.jpg 2048w, https:\/\/www.juli-as.fr\/wp-content\/uploads\/2026\/02\/IMG_5374-600x450.jpg 600w\" sizes=\"auto, (max-width: 706px) 89vw, (max-width: 767px) 82vw, 740px\" \/><\/figure>\n\n\n\n<figure class=\"wp-block-image size-large\"><img loading=\"lazy\" decoding=\"async\" width=\"1024\" height=\"768\" data-id=\"4593\" src=\"https:\/\/www.juli-as.fr\/wp-content\/uploads\/2023\/12\/2023-10-18-13.28.01-1024x768.jpg\" alt=\"\" class=\"wp-image-4593\" srcset=\"https:\/\/www.juli-as.fr\/wp-content\/uploads\/2023\/12\/2023-10-18-13.28.01-1024x768.jpg 1024w, https:\/\/www.juli-as.fr\/wp-content\/uploads\/2023\/12\/2023-10-18-13.28.01-300x225.jpg 300w, https:\/\/www.juli-as.fr\/wp-content\/uploads\/2023\/12\/2023-10-18-13.28.01-768x576.jpg 768w, https:\/\/www.juli-as.fr\/wp-content\/uploads\/2023\/12\/2023-10-18-13.28.01-1536x1152.jpg 1536w, https:\/\/www.juli-as.fr\/wp-content\/uploads\/2023\/12\/2023-10-18-13.28.01-2048x1536.jpg 2048w, https:\/\/www.juli-as.fr\/wp-content\/uploads\/2023\/12\/2023-10-18-13.28.01-600x450.jpg 600w\" sizes=\"auto, (max-width: 706px) 89vw, (max-width: 767px) 82vw, 740px\" \/><\/figure>\n<\/figure>\n\n\n\n<h2 class=\"wp-block-heading\">Les origines de mon travail<\/h2>\n\n\n\n<p>\u00c9changes et apprentissage avec Mario Gonzalez et Fran\u00e7oise Merle.<br>Travail intensif autour du masque dans les rencontres des Utopiques en 2023-2024<br>Cr\u00e9ation de masques avec Renzo Sindoca<\/p>\n","protected":false},"excerpt":{"rendered":"<p>Le travail que je propose permet une d\u00e9couverte du masque comme moyen de jeu, mais aussi de travail des bases de la sc\u00e8ne. Les bases du jeu se retrouvent dans le travail de masque. Le neutre pour trouver le point z\u00e9ro, l&#8217;ancrage, la ligne expressive du corps, l&#8217;expressif pour travailler le corps, les \u00e9motions, puis &hellip; <\/p>\n<p class=\"link-more\"><a href=\"https:\/\/www.juli-as.fr\/index.php\/masques\/\" class=\"more-link\">Continue reading<span class=\"screen-reader-text\"> &#8220;Masques&#8221;<\/span><\/a><\/p>\n","protected":false},"author":1,"featured_media":0,"parent":0,"menu_order":0,"comment_status":"closed","ping_status":"closed","template":"","meta":{"two_page_speed":[],"footnotes":""},"class_list":["post-4203","page","type-page","status-publish","hentry"],"_links":{"self":[{"href":"https:\/\/www.juli-as.fr\/index.php\/wp-json\/wp\/v2\/pages\/4203","targetHints":{"allow":["GET"]}}],"collection":[{"href":"https:\/\/www.juli-as.fr\/index.php\/wp-json\/wp\/v2\/pages"}],"about":[{"href":"https:\/\/www.juli-as.fr\/index.php\/wp-json\/wp\/v2\/types\/page"}],"author":[{"embeddable":true,"href":"https:\/\/www.juli-as.fr\/index.php\/wp-json\/wp\/v2\/users\/1"}],"replies":[{"embeddable":true,"href":"https:\/\/www.juli-as.fr\/index.php\/wp-json\/wp\/v2\/comments?post=4203"}],"version-history":[{"count":18,"href":"https:\/\/www.juli-as.fr\/index.php\/wp-json\/wp\/v2\/pages\/4203\/revisions"}],"predecessor-version":[{"id":5014,"href":"https:\/\/www.juli-as.fr\/index.php\/wp-json\/wp\/v2\/pages\/4203\/revisions\/5014"}],"wp:attachment":[{"href":"https:\/\/www.juli-as.fr\/index.php\/wp-json\/wp\/v2\/media?parent=4203"}],"curies":[{"name":"wp","href":"https:\/\/api.w.org\/{rel}","templated":true}]}}