{"id":4213,"date":"2023-09-22T20:33:58","date_gmt":"2023-09-22T18:33:58","guid":{"rendered":"https:\/\/www.juli-as.fr\/?page_id=4213"},"modified":"2026-01-26T12:29:49","modified_gmt":"2026-01-26T11:29:49","slug":"juli-allard-schaefer-2","status":"publish","type":"page","link":"https:\/\/www.juli-as.fr\/index.php\/juli-allard-schaefer-2\/","title":{"rendered":""},"content":{"rendered":"\n<h1 class=\"wp-block-heading\">Juli Allard Schaefer<\/h1>\n\n\n\n<h2 class=\"wp-block-heading\">Artiste de th\u00e9\u00e2tre<br>Directrice artistique et p\u00e9dagogique<\/h2>\n\n\n\n<div class=\"wp-block-columns is-layout-flex wp-container-core-columns-is-layout-9d6595d7 wp-block-columns-is-layout-flex\">\n<div class=\"wp-block-column is-layout-flow wp-block-column-is-layout-flow\"><div class=\"wp-block-image\">\n<figure class=\"aligncenter size-large\"><img loading=\"lazy\" decoding=\"async\" width=\"1024\" height=\"682\" src=\"https:\/\/www.juli-as.fr\/wp-content\/uploads\/2025\/05\/LM100439-1024x682.jpg\" alt=\"\" class=\"wp-image-4908\" srcset=\"https:\/\/www.juli-as.fr\/wp-content\/uploads\/2025\/05\/LM100439-1024x682.jpg 1024w, https:\/\/www.juli-as.fr\/wp-content\/uploads\/2025\/05\/LM100439-300x200.jpg 300w, https:\/\/www.juli-as.fr\/wp-content\/uploads\/2025\/05\/LM100439-768x512.jpg 768w, https:\/\/www.juli-as.fr\/wp-content\/uploads\/2025\/05\/LM100439-1536x1023.jpg 1536w, https:\/\/www.juli-as.fr\/wp-content\/uploads\/2025\/05\/LM100439-2048x1365.jpg 2048w, https:\/\/www.juli-as.fr\/wp-content\/uploads\/2025\/05\/LM100439-600x400.jpg 600w\" sizes=\"auto, (max-width: 706px) 89vw, (max-width: 767px) 82vw, 740px\" \/><\/figure>\n<\/div>\n\n<div class=\"wp-block-image\">\n<figure class=\"aligncenter size-large\"><img loading=\"lazy\" decoding=\"async\" width=\"1024\" height=\"683\" src=\"https:\/\/www.juli-as.fr\/wp-content\/uploads\/2023\/09\/IMG_2483-1024x683.jpg\" alt=\"\" class=\"wp-image-4242\" srcset=\"https:\/\/www.juli-as.fr\/wp-content\/uploads\/2023\/09\/IMG_2483-1024x683.jpg 1024w, https:\/\/www.juli-as.fr\/wp-content\/uploads\/2023\/09\/IMG_2483-300x200.jpg 300w, https:\/\/www.juli-as.fr\/wp-content\/uploads\/2023\/09\/IMG_2483-768x512.jpg 768w, https:\/\/www.juli-as.fr\/wp-content\/uploads\/2023\/09\/IMG_2483-1536x1024.jpg 1536w, https:\/\/www.juli-as.fr\/wp-content\/uploads\/2023\/09\/IMG_2483-2048x1365.jpg 2048w\" sizes=\"auto, (max-width: 706px) 89vw, (max-width: 767px) 82vw, 740px\" \/><\/figure>\n<\/div>\n\n<div class=\"wp-block-image\">\n<figure class=\"aligncenter size-large\"><img loading=\"lazy\" decoding=\"async\" width=\"1024\" height=\"734\" src=\"http:\/\/www.juli-as.fr\/wp-content\/uploads\/2025\/08\/2-e1756128556837-1024x734.jpg\" alt=\"\" class=\"wp-image-4950\" srcset=\"https:\/\/www.juli-as.fr\/wp-content\/uploads\/2025\/08\/2-e1756128556837-1024x734.jpg 1024w, https:\/\/www.juli-as.fr\/wp-content\/uploads\/2025\/08\/2-e1756128556837-300x215.jpg 300w, https:\/\/www.juli-as.fr\/wp-content\/uploads\/2025\/08\/2-e1756128556837-768x551.jpg 768w, https:\/\/www.juli-as.fr\/wp-content\/uploads\/2025\/08\/2-e1756128556837-1536x1101.jpg 1536w, https:\/\/www.juli-as.fr\/wp-content\/uploads\/2025\/08\/2-e1756128556837-600x430.jpg 600w, https:\/\/www.juli-as.fr\/wp-content\/uploads\/2025\/08\/2-e1756128556837.jpg 1586w\" sizes=\"auto, (max-width: 706px) 89vw, (max-width: 767px) 82vw, 740px\" \/><\/figure>\n<\/div>\n\n<div class=\"wp-block-image\">\n<figure class=\"aligncenter size-large\"><img loading=\"lazy\" decoding=\"async\" width=\"1024\" height=\"683\" src=\"https:\/\/www.juli-as.fr\/wp-content\/uploads\/2023\/09\/IMG_3144-1024x683.jpg\" alt=\"\" class=\"wp-image-4241\" srcset=\"https:\/\/www.juli-as.fr\/wp-content\/uploads\/2023\/09\/IMG_3144-1024x683.jpg 1024w, https:\/\/www.juli-as.fr\/wp-content\/uploads\/2023\/09\/IMG_3144-300x200.jpg 300w, https:\/\/www.juli-as.fr\/wp-content\/uploads\/2023\/09\/IMG_3144-768x512.jpg 768w, https:\/\/www.juli-as.fr\/wp-content\/uploads\/2023\/09\/IMG_3144-1536x1024.jpg 1536w, https:\/\/www.juli-as.fr\/wp-content\/uploads\/2023\/09\/IMG_3144-2048x1365.jpg 2048w\" sizes=\"auto, (max-width: 706px) 89vw, (max-width: 767px) 82vw, 740px\" \/><\/figure>\n<\/div>\n\n<div class=\"wp-block-image\">\n<figure class=\"aligncenter size-large\"><img loading=\"lazy\" decoding=\"async\" width=\"1024\" height=\"683\" src=\"http:\/\/www.juli-as.fr\/wp-content\/uploads\/2023\/09\/LM100321-1024x683.jpg\" alt=\"\" class=\"wp-image-4234\" srcset=\"https:\/\/www.juli-as.fr\/wp-content\/uploads\/2023\/09\/LM100321-1024x683.jpg 1024w, https:\/\/www.juli-as.fr\/wp-content\/uploads\/2023\/09\/LM100321-300x200.jpg 300w, https:\/\/www.juli-as.fr\/wp-content\/uploads\/2023\/09\/LM100321-768x512.jpg 768w, https:\/\/www.juli-as.fr\/wp-content\/uploads\/2023\/09\/LM100321-1536x1024.jpg 1536w, https:\/\/www.juli-as.fr\/wp-content\/uploads\/2023\/09\/LM100321-2048x1365.jpg 2048w\" sizes=\"auto, (max-width: 706px) 89vw, (max-width: 767px) 82vw, 740px\" \/><\/figure>\n<\/div>\n\n<div class=\"wp-block-image\">\n<figure class=\"aligncenter size-large\"><img loading=\"lazy\" decoding=\"async\" width=\"1024\" height=\"683\" src=\"https:\/\/www.juli-as.fr\/wp-content\/uploads\/2023\/09\/IMG_2385-1024x683.jpg\" alt=\"\" class=\"wp-image-4244\" srcset=\"https:\/\/www.juli-as.fr\/wp-content\/uploads\/2023\/09\/IMG_2385-1024x683.jpg 1024w, https:\/\/www.juli-as.fr\/wp-content\/uploads\/2023\/09\/IMG_2385-300x200.jpg 300w, https:\/\/www.juli-as.fr\/wp-content\/uploads\/2023\/09\/IMG_2385-768x512.jpg 768w, https:\/\/www.juli-as.fr\/wp-content\/uploads\/2023\/09\/IMG_2385-1536x1024.jpg 1536w, https:\/\/www.juli-as.fr\/wp-content\/uploads\/2023\/09\/IMG_2385-2048x1365.jpg 2048w\" sizes=\"auto, (max-width: 706px) 89vw, (max-width: 767px) 82vw, 740px\" \/><\/figure>\n<\/div>\n\n<div class=\"wp-block-image\">\n<figure class=\"aligncenter size-large\"><img loading=\"lazy\" decoding=\"async\" width=\"1024\" height=\"678\" src=\"https:\/\/www.juli-as.fr\/wp-content\/uploads\/2023\/09\/IMGP8011-1024x678.jpg\" alt=\"\" class=\"wp-image-4245\" srcset=\"https:\/\/www.juli-as.fr\/wp-content\/uploads\/2023\/09\/IMGP8011-1024x678.jpg 1024w, https:\/\/www.juli-as.fr\/wp-content\/uploads\/2023\/09\/IMGP8011-300x199.jpg 300w, https:\/\/www.juli-as.fr\/wp-content\/uploads\/2023\/09\/IMGP8011-768x509.jpg 768w, https:\/\/www.juli-as.fr\/wp-content\/uploads\/2023\/09\/IMGP8011-1536x1017.jpg 1536w, https:\/\/www.juli-as.fr\/wp-content\/uploads\/2023\/09\/IMGP8011-2048x1356.jpg 2048w\" sizes=\"auto, (max-width: 706px) 89vw, (max-width: 767px) 82vw, 740px\" \/><\/figure>\n<\/div><\/div>\n\n\n\n<div class=\"wp-block-column is-layout-flow wp-block-column-is-layout-flow\">\n<p class=\"has-text-align-left\">Mon parcours artistique me conduit \u00e0 m\u2019int\u00e9resser \u00e0 ce que produit l\u2019instant, au pr\u00e9sent de l\u2019\u00e9change. Je cherche \u00e0 cr\u00e9er une \u00e9coute active. Je recherche une richesse d\u2019engagement et d&#8217;\u00e9nergie dans mon rapport au quotidien.<br><br>J\u2019exp\u00e9rimente la sc\u00e8ne depuis l&#8217;enfance, en tant que com\u00e9dienne, metteuse en sc\u00e8ne, autrice, puis je me tourne vers la gestion d\u2019\u00e9quipe et les politiques culturelles, le rapport entre le th\u00e9\u00e2tre et le monde. En parall\u00e8le de mon Master en Administration \u00e0 l\u2019ENSATT, je continue les exp\u00e9riences artistiques en tant que com\u00e9dienne et apprenante avec Fran\u00e7oise Merle, la m\u00e9thode Grotowski avec Katharina Seyferth au CIRFT de Las Teouleres, Alexandre del Perugia \u00e0 Pontempeyrat, Gwena\u00ebl Morin et le th\u00e9\u00e2tre permanent, puis je rencontre le masque avec Mario Gonzalez et sa m\u00e9thode l&#8217;Essentiel.<br><br>Apr\u00e8s mes \u00e9tudes, je participe avec le metteur en sc\u00e8ne Olivier Rey \u00e0 la cr\u00e9ation du Lavoir Public, dont je suis l\u2019administratrice durant la premi\u00e8re saison. Je mets en place en parall\u00e8le un atelier de training hebdomadaire pour artistes de sc\u00e8ne autour du travail du corps et de la pr\u00e9sence sc\u00e9nique. Je compl\u00e8te mon apprentissage th\u00e9\u00e2tral \u00e0 l\u2019\u00c9cole du Jeu, de Delphine Eliet, en 2015.<br><br>Je poursuis mon aventure avec des voyages autour du monde, o\u00f9 je d\u00e9couvre d\u2019autres cultures, d\u2019autres rapports \u00e0 l\u2019information et \u00e0 l\u2019art et j&#8217;ouvre mon regard aux autres formes d\u2019humanit\u00e9 que vit notre plan\u00e8te. Je vais \u00e0 la rencontre de disciplines comme le yoga, l\u2019ayurv\u00e9da, le th\u00e9\u00e2tre N\u00f4 et la musique (violon et chant).<br><br>Entre 2016 et 2018, je me forme en tant que Sophrologue RNCP \u00e0 l\u2019\u00c9cole de sophrologie de Montpellier afin d&#8217;approfondir le travail de recherche autour de la congruence corps-esprit.<br><br>En 2017 je mets en place les trainings d&#8217;Utopiques, et rejoins l&#8217;\u00e9quipe d&#8217;Olivier Maurin pour g\u00e9rer l&#8217;administration de la compagnie Ostinato. En 2019, je mets en sc\u00e8ne le spectacle Mercedes, texte de Thomas Brach, au th\u00e9\u00e2tre de l&#8217;Elys\u00e9e, \u00e0 Lyon.<br><br>Depuis 2021, Utopiques est un organisme de formation et je propose des ateliers d&#8217;\u00e9critures, des ateliers de gestion pour porteur\u00b7euses de projets artistiques ainsi que des Workshops et des rencontres avec d&#8217;autres artistes de la sc\u00e8ne lyonnaise.<br><br>En 2023, je me forme comme factrice de masques en cuir avec Renzo Sindoca, \u00e0 Venise.<\/p>\n\n\n\n<p class=\"has-text-align-left\">Je suis aujourd&#8217;hui Metteuse en sc\u00e8ne au sein d&#8217;Utopiques, collaboratrice artistique de Mario Gonzalez, com\u00e9dienne avec plusieurs compagnie et formatrice sur la conscience du corps en jeu et la pr\u00e9sence, et dans le suivi d&#8217;\u00e9quipes artistiques dans leur gestion de projets.<\/p>\n<\/div>\n<\/div>\n","protected":false},"excerpt":{"rendered":"<p>Juli Allard Schaefer Artiste de th\u00e9\u00e2treDirectrice artistique et p\u00e9dagogique Mon parcours artistique me conduit \u00e0 m\u2019int\u00e9resser \u00e0 ce que produit l\u2019instant, au pr\u00e9sent de l\u2019\u00e9change. Je cherche \u00e0 cr\u00e9er une \u00e9coute active. Je recherche une richesse d\u2019engagement et d&#8217;\u00e9nergie dans mon rapport au quotidien. J\u2019exp\u00e9rimente la sc\u00e8ne depuis l&#8217;enfance, en tant que com\u00e9dienne, metteuse en &hellip; <\/p>\n<p class=\"link-more\"><a href=\"https:\/\/www.juli-as.fr\/index.php\/juli-allard-schaefer-2\/\" class=\"more-link\">Continue reading<span class=\"screen-reader-text\"> &#8220;&#8221;<\/span><\/a><\/p>\n","protected":false},"author":1,"featured_media":0,"parent":0,"menu_order":0,"comment_status":"closed","ping_status":"closed","template":"","meta":{"two_page_speed":[],"footnotes":""},"class_list":["post-4213","page","type-page","status-publish","hentry"],"_links":{"self":[{"href":"https:\/\/www.juli-as.fr\/index.php\/wp-json\/wp\/v2\/pages\/4213","targetHints":{"allow":["GET"]}}],"collection":[{"href":"https:\/\/www.juli-as.fr\/index.php\/wp-json\/wp\/v2\/pages"}],"about":[{"href":"https:\/\/www.juli-as.fr\/index.php\/wp-json\/wp\/v2\/types\/page"}],"author":[{"embeddable":true,"href":"https:\/\/www.juli-as.fr\/index.php\/wp-json\/wp\/v2\/users\/1"}],"replies":[{"embeddable":true,"href":"https:\/\/www.juli-as.fr\/index.php\/wp-json\/wp\/v2\/comments?post=4213"}],"version-history":[{"count":33,"href":"https:\/\/www.juli-as.fr\/index.php\/wp-json\/wp\/v2\/pages\/4213\/revisions"}],"predecessor-version":[{"id":4997,"href":"https:\/\/www.juli-as.fr\/index.php\/wp-json\/wp\/v2\/pages\/4213\/revisions\/4997"}],"wp:attachment":[{"href":"https:\/\/www.juli-as.fr\/index.php\/wp-json\/wp\/v2\/media?parent=4213"}],"curies":[{"name":"wp","href":"https:\/\/api.w.org\/{rel}","templated":true}]}}