{"id":691,"date":"2015-08-10T21:10:07","date_gmt":"2015-08-10T20:10:07","guid":{"rendered":"http:\/\/www.messieurs-utopiques.com\/?page_id=691"},"modified":"2015-08-10T21:10:07","modified_gmt":"2015-08-10T20:10:07","slug":"californie","status":"publish","type":"page","link":"https:\/\/www.juli-as.fr\/index.php\/blog-de-voyage\/destination-usa\/californie\/","title":{"rendered":"Californie"},"content":{"rendered":"<p style=\"text-align: justify;\">La travers\u00e9e se termine sur un territoire particulier, la Californie. Ici c&#8217;est un doux \u00e9t\u00e9 qui s&#8217;\u00e9tire tout au long de l&#8217;ann\u00e9e. Bord\u00e9e par San Francisco au nord, et San Diego au sud, nous pouvons admirer la c\u00f4te ouest des \u00c9tats-Unis se fondre dans l&#8217;oc\u00e9an Pacifique, le long d&#8217;un itin\u00e9raire magnifique, la road 1.<\/p>\n<p style=\"text-align: justify;\">\u00c9tat le plus riche et le plus peupl\u00e9 des USA, la Californie abrite de grandes universit\u00e9s et des chercheurs \u00e0 la pointe de la technologie. Il n&#8217;est pas rare de rencontrer sur couchsurfing des ing\u00e9nieurs et autres informaticiens travaillant dans la Silicon Valley.<\/p>\n<p style=\"text-align: justify;\">Nous visiterons San Francisco, Los Angeles, nous perdrons le long des c\u00f4tes dans les villes de Santa Cruz, Monterey et Santa Barbara, quitterons le confort de la voiture de location pour une fin de voyage \u00e0 pieds, avant de rentrer passer nos derniers jours de vacances \u00e0 New York, entre deux \u00e9chelles.<\/p>\n<div id='gallery-1' class='gallery galleryid-691 gallery-columns-1 gallery-size-full'><figure class='gallery-item'>\n\t\t\t<div class='gallery-icon landscape'>\n\t\t\t\t<a href='https:\/\/www.juli-as.fr\/1268036_10201260784614475_484454764_o\/'><img loading=\"lazy\" decoding=\"async\" width=\"2048\" height=\"1536\" src=\"https:\/\/www.juli-as.fr\/wp-content\/uploads\/2015\/08\/1268036_10201260784614475_484454764_o.jpg\" class=\"attachment-full size-full\" alt=\"\" srcset=\"https:\/\/www.juli-as.fr\/wp-content\/uploads\/2015\/08\/1268036_10201260784614475_484454764_o.jpg 2048w, https:\/\/www.juli-as.fr\/wp-content\/uploads\/2015\/08\/1268036_10201260784614475_484454764_o-300x225.jpg 300w, https:\/\/www.juli-as.fr\/wp-content\/uploads\/2015\/08\/1268036_10201260784614475_484454764_o-1024x768.jpg 1024w, https:\/\/www.juli-as.fr\/wp-content\/uploads\/2015\/08\/1268036_10201260784614475_484454764_o-768x576.jpg 768w, https:\/\/www.juli-as.fr\/wp-content\/uploads\/2015\/08\/1268036_10201260784614475_484454764_o-1536x1152.jpg 1536w\" sizes=\"auto, 100vw\" \/><\/a>\n\t\t\t<\/div><\/figure><figure class='gallery-item'>\n\t\t\t<div class='gallery-icon landscape'>\n\t\t\t\t<a href='https:\/\/www.juli-as.fr\/ob_e17a003874935f18c3131a84ab22e774_img-70616\/'><img loading=\"lazy\" decoding=\"async\" width=\"1200\" height=\"800\" src=\"https:\/\/www.juli-as.fr\/wp-content\/uploads\/2015\/08\/ob_e17a003874935f18c3131a84ab22e774_img-70616.jpg\" class=\"attachment-full size-full\" alt=\"\" srcset=\"https:\/\/www.juli-as.fr\/wp-content\/uploads\/2015\/08\/ob_e17a003874935f18c3131a84ab22e774_img-70616.jpg 1200w, https:\/\/www.juli-as.fr\/wp-content\/uploads\/2015\/08\/ob_e17a003874935f18c3131a84ab22e774_img-70616-300x200.jpg 300w, https:\/\/www.juli-as.fr\/wp-content\/uploads\/2015\/08\/ob_e17a003874935f18c3131a84ab22e774_img-70616-1024x683.jpg 1024w, https:\/\/www.juli-as.fr\/wp-content\/uploads\/2015\/08\/ob_e17a003874935f18c3131a84ab22e774_img-70616-768x512.jpg 768w\" sizes=\"auto, 100vw\" \/><\/a>\n\t\t\t<\/div><\/figure><figure class='gallery-item'>\n\t\t\t<div class='gallery-icon landscape'>\n\t\t\t\t<a href='https:\/\/www.juli-as.fr\/ob_e1cce48ada2bd26234a2d08687ae5370_img-71756\/'><img loading=\"lazy\" decoding=\"async\" width=\"1200\" height=\"800\" src=\"https:\/\/www.juli-as.fr\/wp-content\/uploads\/2015\/08\/ob_e1cce48ada2bd26234a2d08687ae5370_img-71756.jpg\" class=\"attachment-full size-full\" alt=\"\" srcset=\"https:\/\/www.juli-as.fr\/wp-content\/uploads\/2015\/08\/ob_e1cce48ada2bd26234a2d08687ae5370_img-71756.jpg 1200w, https:\/\/www.juli-as.fr\/wp-content\/uploads\/2015\/08\/ob_e1cce48ada2bd26234a2d08687ae5370_img-71756-300x200.jpg 300w, https:\/\/www.juli-as.fr\/wp-content\/uploads\/2015\/08\/ob_e1cce48ada2bd26234a2d08687ae5370_img-71756-1024x683.jpg 1024w, https:\/\/www.juli-as.fr\/wp-content\/uploads\/2015\/08\/ob_e1cce48ada2bd26234a2d08687ae5370_img-71756-768x512.jpg 768w\" sizes=\"auto, 100vw\" \/><\/a>\n\t\t\t<\/div><\/figure><figure class='gallery-item'>\n\t\t\t<div class='gallery-icon landscape'>\n\t\t\t\t<a href='https:\/\/www.juli-as.fr\/ob_c043a230d1526b5bc4d2043923ef4537_dsc07079\/'><img loading=\"lazy\" decoding=\"async\" width=\"1200\" height=\"899\" src=\"https:\/\/www.juli-as.fr\/wp-content\/uploads\/2015\/08\/ob_c043a230d1526b5bc4d2043923ef4537_dsc07079.jpg\" class=\"attachment-full size-full\" alt=\"\" srcset=\"https:\/\/www.juli-as.fr\/wp-content\/uploads\/2015\/08\/ob_c043a230d1526b5bc4d2043923ef4537_dsc07079.jpg 1200w, https:\/\/www.juli-as.fr\/wp-content\/uploads\/2015\/08\/ob_c043a230d1526b5bc4d2043923ef4537_dsc07079-300x225.jpg 300w, https:\/\/www.juli-as.fr\/wp-content\/uploads\/2015\/08\/ob_c043a230d1526b5bc4d2043923ef4537_dsc07079-1024x767.jpg 1024w, https:\/\/www.juli-as.fr\/wp-content\/uploads\/2015\/08\/ob_c043a230d1526b5bc4d2043923ef4537_dsc07079-768x575.jpg 768w\" sizes=\"auto, 100vw\" \/><\/a>\n\t\t\t<\/div><\/figure><figure class='gallery-item'>\n\t\t\t<div class='gallery-icon landscape'>\n\t\t\t\t<a href='https:\/\/www.juli-as.fr\/ob_8d899db0cf0cbe2c81f085a72363edfe_img-76286\/'><img loading=\"lazy\" decoding=\"async\" width=\"1200\" height=\"800\" src=\"https:\/\/www.juli-as.fr\/wp-content\/uploads\/2015\/08\/ob_8d899db0cf0cbe2c81f085a72363edfe_img-76286.jpg\" class=\"attachment-full size-full\" alt=\"\" srcset=\"https:\/\/www.juli-as.fr\/wp-content\/uploads\/2015\/08\/ob_8d899db0cf0cbe2c81f085a72363edfe_img-76286.jpg 1200w, https:\/\/www.juli-as.fr\/wp-content\/uploads\/2015\/08\/ob_8d899db0cf0cbe2c81f085a72363edfe_img-76286-300x200.jpg 300w, https:\/\/www.juli-as.fr\/wp-content\/uploads\/2015\/08\/ob_8d899db0cf0cbe2c81f085a72363edfe_img-76286-1024x683.jpg 1024w, https:\/\/www.juli-as.fr\/wp-content\/uploads\/2015\/08\/ob_8d899db0cf0cbe2c81f085a72363edfe_img-76286-768x512.jpg 768w\" sizes=\"auto, 100vw\" \/><\/a>\n\t\t\t<\/div><\/figure><figure class='gallery-item'>\n\t\t\t<div class='gallery-icon landscape'>\n\t\t\t\t<a href='https:\/\/www.juli-as.fr\/ob_29eb0e367f98c36129ae09a08b1e042c_img-73003\/'><img loading=\"lazy\" decoding=\"async\" width=\"1077\" height=\"625\" src=\"https:\/\/www.juli-as.fr\/wp-content\/uploads\/2015\/08\/ob_29eb0e367f98c36129ae09a08b1e042c_img-73003.jpg\" class=\"attachment-full size-full\" alt=\"\" srcset=\"https:\/\/www.juli-as.fr\/wp-content\/uploads\/2015\/08\/ob_29eb0e367f98c36129ae09a08b1e042c_img-73003.jpg 1077w, https:\/\/www.juli-as.fr\/wp-content\/uploads\/2015\/08\/ob_29eb0e367f98c36129ae09a08b1e042c_img-73003-300x174.jpg 300w, https:\/\/www.juli-as.fr\/wp-content\/uploads\/2015\/08\/ob_29eb0e367f98c36129ae09a08b1e042c_img-73003-1024x594.jpg 1024w, https:\/\/www.juli-as.fr\/wp-content\/uploads\/2015\/08\/ob_29eb0e367f98c36129ae09a08b1e042c_img-73003-768x446.jpg 768w\" sizes=\"auto, 100vw\" \/><\/a>\n\t\t\t<\/div><\/figure><figure class='gallery-item'>\n\t\t\t<div class='gallery-icon landscape'>\n\t\t\t\t<a href='https:\/\/www.juli-as.fr\/ob_ad61cd9f98d657509fb1e8f2f3fc6014_img-76056\/'><img loading=\"lazy\" decoding=\"async\" width=\"1200\" height=\"800\" src=\"https:\/\/www.juli-as.fr\/wp-content\/uploads\/2015\/08\/ob_ad61cd9f98d657509fb1e8f2f3fc6014_img-76056.jpg\" class=\"attachment-full size-full\" alt=\"\" srcset=\"https:\/\/www.juli-as.fr\/wp-content\/uploads\/2015\/08\/ob_ad61cd9f98d657509fb1e8f2f3fc6014_img-76056.jpg 1200w, https:\/\/www.juli-as.fr\/wp-content\/uploads\/2015\/08\/ob_ad61cd9f98d657509fb1e8f2f3fc6014_img-76056-300x200.jpg 300w, https:\/\/www.juli-as.fr\/wp-content\/uploads\/2015\/08\/ob_ad61cd9f98d657509fb1e8f2f3fc6014_img-76056-1024x683.jpg 1024w, https:\/\/www.juli-as.fr\/wp-content\/uploads\/2015\/08\/ob_ad61cd9f98d657509fb1e8f2f3fc6014_img-76056-768x512.jpg 768w\" sizes=\"auto, 100vw\" \/><\/a>\n\t\t\t<\/div><\/figure><figure class='gallery-item'>\n\t\t\t<div class='gallery-icon landscape'>\n\t\t\t\t<a href='https:\/\/www.juli-as.fr\/ob_f7cedcf99d56d11142bb88289775c0a3_img-76266\/'><img loading=\"lazy\" decoding=\"async\" width=\"1200\" height=\"800\" src=\"https:\/\/www.juli-as.fr\/wp-content\/uploads\/2015\/08\/ob_f7cedcf99d56d11142bb88289775c0a3_img-76266.jpg\" class=\"attachment-full size-full\" alt=\"\" srcset=\"https:\/\/www.juli-as.fr\/wp-content\/uploads\/2015\/08\/ob_f7cedcf99d56d11142bb88289775c0a3_img-76266.jpg 1200w, https:\/\/www.juli-as.fr\/wp-content\/uploads\/2015\/08\/ob_f7cedcf99d56d11142bb88289775c0a3_img-76266-300x200.jpg 300w, https:\/\/www.juli-as.fr\/wp-content\/uploads\/2015\/08\/ob_f7cedcf99d56d11142bb88289775c0a3_img-76266-1024x683.jpg 1024w, https:\/\/www.juli-as.fr\/wp-content\/uploads\/2015\/08\/ob_f7cedcf99d56d11142bb88289775c0a3_img-76266-768x512.jpg 768w\" sizes=\"auto, 100vw\" \/><\/a>\n\t\t\t<\/div><\/figure><figure class='gallery-item'>\n\t\t\t<div class='gallery-icon landscape'>\n\t\t\t\t<a href='https:\/\/www.juli-as.fr\/ob_38cb39d4600ee68f91c0d0ab18a776bf_img-7317\/'><img loading=\"lazy\" decoding=\"async\" width=\"1200\" height=\"800\" src=\"https:\/\/www.juli-as.fr\/wp-content\/uploads\/2015\/08\/ob_38cb39d4600ee68f91c0d0ab18a776bf_img-7317.jpg\" class=\"attachment-full size-full\" alt=\"\" srcset=\"https:\/\/www.juli-as.fr\/wp-content\/uploads\/2015\/08\/ob_38cb39d4600ee68f91c0d0ab18a776bf_img-7317.jpg 1200w, https:\/\/www.juli-as.fr\/wp-content\/uploads\/2015\/08\/ob_38cb39d4600ee68f91c0d0ab18a776bf_img-7317-300x200.jpg 300w, https:\/\/www.juli-as.fr\/wp-content\/uploads\/2015\/08\/ob_38cb39d4600ee68f91c0d0ab18a776bf_img-7317-1024x683.jpg 1024w, https:\/\/www.juli-as.fr\/wp-content\/uploads\/2015\/08\/ob_38cb39d4600ee68f91c0d0ab18a776bf_img-7317-768x512.jpg 768w\" sizes=\"auto, 100vw\" \/><\/a>\n\t\t\t<\/div><\/figure>\n\t\t<\/div>\n\n","protected":false},"excerpt":{"rendered":"<p>La travers\u00e9e se termine sur un territoire particulier, la Californie. Ici c&#8217;est un doux \u00e9t\u00e9 qui s&#8217;\u00e9tire tout au long de l&#8217;ann\u00e9e. Bord\u00e9e par San Francisco au nord, et San Diego au sud, nous pouvons admirer la c\u00f4te ouest des \u00c9tats-Unis se fondre dans l&#8217;oc\u00e9an Pacifique, le long d&#8217;un itin\u00e9raire magnifique, la road 1. \u00c9tat &hellip; <\/p>\n<p class=\"link-more\"><a href=\"https:\/\/www.juli-as.fr\/index.php\/blog-de-voyage\/destination-usa\/californie\/\" class=\"more-link\">Continue reading<span class=\"screen-reader-text\"> &#8220;Californie&#8221;<\/span><\/a><\/p>\n","protected":false},"author":2,"featured_media":706,"parent":588,"menu_order":0,"comment_status":"open","ping_status":"open","template":"","meta":{"two_page_speed":[],"footnotes":""},"class_list":["post-691","page","type-page","status-publish","has-post-thumbnail","hentry"],"_links":{"self":[{"href":"https:\/\/www.juli-as.fr\/index.php\/wp-json\/wp\/v2\/pages\/691","targetHints":{"allow":["GET"]}}],"collection":[{"href":"https:\/\/www.juli-as.fr\/index.php\/wp-json\/wp\/v2\/pages"}],"about":[{"href":"https:\/\/www.juli-as.fr\/index.php\/wp-json\/wp\/v2\/types\/page"}],"author":[{"embeddable":true,"href":"https:\/\/www.juli-as.fr\/index.php\/wp-json\/wp\/v2\/users\/2"}],"replies":[{"embeddable":true,"href":"https:\/\/www.juli-as.fr\/index.php\/wp-json\/wp\/v2\/comments?post=691"}],"version-history":[{"count":0,"href":"https:\/\/www.juli-as.fr\/index.php\/wp-json\/wp\/v2\/pages\/691\/revisions"}],"up":[{"embeddable":true,"href":"https:\/\/www.juli-as.fr\/index.php\/wp-json\/wp\/v2\/pages\/588"}],"wp:featuredmedia":[{"embeddable":true,"href":"https:\/\/www.juli-as.fr\/index.php\/wp-json\/wp\/v2\/media\/706"}],"wp:attachment":[{"href":"https:\/\/www.juli-as.fr\/index.php\/wp-json\/wp\/v2\/media?parent=691"}],"curies":[{"name":"wp","href":"https:\/\/api.w.org\/{rel}","templated":true}]}}