{"id":739,"date":"2015-08-10T23:17:00","date_gmt":"2015-08-10T22:17:00","guid":{"rendered":"http:\/\/www.messieurs-utopiques.com\/?page_id=739"},"modified":"2015-08-10T23:17:00","modified_gmt":"2015-08-10T22:17:00","slug":"louisiane-texas-arizona","status":"publish","type":"page","link":"https:\/\/www.juli-as.fr\/index.php\/blog-de-voyage\/destination-usa\/louisiane-texas-arizona\/","title":{"rendered":"Louisiane, Texas, Arizona"},"content":{"rendered":"<p style=\"text-align: justify;\">Nous traverserons 11 \u00c9tats lors de ce p\u00e9riple, mais certains nous ont marqu\u00e9 plus que d&#8217;autres. La Louisiane, tout particuli\u00e8rement, qui restera dans un coin de ma t\u00eate jusqu&#8217;\u00e0 la retraite, avec ses bayous, ses habitants chaleureux, et ses d\u00e9cors improbables, mais aussi le Texas, qui, contrairement \u00e0 ce qu&#8217;en pensent les habitants des \u00c9tats voisins, vaut le d\u00e9tour, avec une mention sp\u00e9ciale pour Austin et ses soir\u00e9es d\u00e9brid\u00e9es, ou encore l&#8217;Arizona, o\u00f9 nous avons rencontr\u00e9 un hippie vivant en caravane sur les routes car recherch\u00e9 pour possession d&#8217;arme, appris \u00e0 tirer au fusil, escalad\u00e9 des montagnes, et cherch\u00e9 les vortex de Sedona.<\/p>\n<div id='gallery-1' class='gallery galleryid-739 gallery-columns-1 gallery-size-full'><figure class='gallery-item'>\n\t\t\t<div class='gallery-icon landscape'>\n\t\t\t\t<a href='https:\/\/www.juli-as.fr\/ob_6e131f2958bb9b67a411c39a799a5ac7_dsc00234\/'><img loading=\"lazy\" decoding=\"async\" width=\"1200\" height=\"899\" src=\"https:\/\/www.juli-as.fr\/wp-content\/uploads\/2015\/08\/ob_6e131f2958bb9b67a411c39a799a5ac7_dsc00234.jpg\" class=\"attachment-full size-full\" alt=\"\" aria-describedby=\"gallery-1-740\" srcset=\"https:\/\/www.juli-as.fr\/wp-content\/uploads\/2015\/08\/ob_6e131f2958bb9b67a411c39a799a5ac7_dsc00234.jpg 1200w, https:\/\/www.juli-as.fr\/wp-content\/uploads\/2015\/08\/ob_6e131f2958bb9b67a411c39a799a5ac7_dsc00234-300x225.jpg 300w, https:\/\/www.juli-as.fr\/wp-content\/uploads\/2015\/08\/ob_6e131f2958bb9b67a411c39a799a5ac7_dsc00234-1024x767.jpg 1024w, https:\/\/www.juli-as.fr\/wp-content\/uploads\/2015\/08\/ob_6e131f2958bb9b67a411c39a799a5ac7_dsc00234-768x575.jpg 768w\" sizes=\"auto, 100vw\" \/><\/a>\n\t\t\t<\/div>\n\t\t\t\t<figcaption class='wp-caption-text gallery-caption' id='gallery-1-740'>\n\t\t\t\tElle attend le facteur\n\t\t\t\t<\/figcaption><\/figure><figure class='gallery-item'>\n\t\t\t<div class='gallery-icon landscape'>\n\t\t\t\t<a href='https:\/\/www.juli-as.fr\/ob_9fbd0a438b762af01401bd4113206012_img-5934\/'><img loading=\"lazy\" decoding=\"async\" width=\"1200\" height=\"800\" src=\"https:\/\/www.juli-as.fr\/wp-content\/uploads\/2015\/08\/ob_9fbd0a438b762af01401bd4113206012_img-5934.jpg\" class=\"attachment-full size-full\" alt=\"\" aria-describedby=\"gallery-1-741\" srcset=\"https:\/\/www.juli-as.fr\/wp-content\/uploads\/2015\/08\/ob_9fbd0a438b762af01401bd4113206012_img-5934.jpg 1200w, https:\/\/www.juli-as.fr\/wp-content\/uploads\/2015\/08\/ob_9fbd0a438b762af01401bd4113206012_img-5934-300x200.jpg 300w, https:\/\/www.juli-as.fr\/wp-content\/uploads\/2015\/08\/ob_9fbd0a438b762af01401bd4113206012_img-5934-1024x683.jpg 1024w, https:\/\/www.juli-as.fr\/wp-content\/uploads\/2015\/08\/ob_9fbd0a438b762af01401bd4113206012_img-5934-768x512.jpg 768w\" sizes=\"auto, 100vw\" \/><\/a>\n\t\t\t<\/div>\n\t\t\t\t<figcaption class='wp-caption-text gallery-caption' id='gallery-1-741'>\n\t\t\t\t&#8220;Ne pas tr\u00e9passer&#8221;\n\t\t\t\t<\/figcaption><\/figure><figure class='gallery-item'>\n\t\t\t<div class='gallery-icon landscape'>\n\t\t\t\t<a href='https:\/\/www.juli-as.fr\/ob_196a8b37edeca7307e8f0e0ee35245b2_img-5841\/'><img loading=\"lazy\" decoding=\"async\" width=\"1200\" height=\"800\" src=\"https:\/\/www.juli-as.fr\/wp-content\/uploads\/2015\/08\/ob_196a8b37edeca7307e8f0e0ee35245b2_img-5841.jpg\" class=\"attachment-full size-full\" alt=\"\" aria-describedby=\"gallery-1-744\" srcset=\"https:\/\/www.juli-as.fr\/wp-content\/uploads\/2015\/08\/ob_196a8b37edeca7307e8f0e0ee35245b2_img-5841.jpg 1200w, https:\/\/www.juli-as.fr\/wp-content\/uploads\/2015\/08\/ob_196a8b37edeca7307e8f0e0ee35245b2_img-5841-300x200.jpg 300w, https:\/\/www.juli-as.fr\/wp-content\/uploads\/2015\/08\/ob_196a8b37edeca7307e8f0e0ee35245b2_img-5841-1024x683.jpg 1024w, https:\/\/www.juli-as.fr\/wp-content\/uploads\/2015\/08\/ob_196a8b37edeca7307e8f0e0ee35245b2_img-5841-768x512.jpg 768w\" sizes=\"auto, 100vw\" \/><\/a>\n\t\t\t<\/div>\n\t\t\t\t<figcaption class='wp-caption-text gallery-caption' id='gallery-1-744'>\n\t\t\t\tBus \u00e0 vendre\n\t\t\t\t<\/figcaption><\/figure><figure class='gallery-item'>\n\t\t\t<div class='gallery-icon landscape'>\n\t\t\t\t<a href='https:\/\/www.juli-as.fr\/ob_0219a6d452bbc2b6da0d6280209fc946_img-5823\/'><img loading=\"lazy\" decoding=\"async\" width=\"1200\" height=\"800\" src=\"https:\/\/www.juli-as.fr\/wp-content\/uploads\/2015\/08\/ob_0219a6d452bbc2b6da0d6280209fc946_img-5823.jpg\" class=\"attachment-full size-full\" alt=\"\" aria-describedby=\"gallery-1-745\" srcset=\"https:\/\/www.juli-as.fr\/wp-content\/uploads\/2015\/08\/ob_0219a6d452bbc2b6da0d6280209fc946_img-5823.jpg 1200w, https:\/\/www.juli-as.fr\/wp-content\/uploads\/2015\/08\/ob_0219a6d452bbc2b6da0d6280209fc946_img-5823-300x200.jpg 300w, https:\/\/www.juli-as.fr\/wp-content\/uploads\/2015\/08\/ob_0219a6d452bbc2b6da0d6280209fc946_img-5823-1024x683.jpg 1024w, https:\/\/www.juli-as.fr\/wp-content\/uploads\/2015\/08\/ob_0219a6d452bbc2b6da0d6280209fc946_img-5823-768x512.jpg 768w\" sizes=\"auto, 100vw\" \/><\/a>\n\t\t\t<\/div>\n\t\t\t\t<figcaption class='wp-caption-text gallery-caption' id='gallery-1-745'>\n\t\t\t\tR\u00e9parateur d&#8217;accord\u00e9ons\n\t\t\t\t<\/figcaption><\/figure><figure class='gallery-item'>\n\t\t\t<div class='gallery-icon landscape'>\n\t\t\t\t<a href='https:\/\/www.juli-as.fr\/ob_b203874cf733fbd8ae2b3dffa70e0208_img-5917\/'><img loading=\"lazy\" decoding=\"async\" width=\"1200\" height=\"800\" src=\"https:\/\/www.juli-as.fr\/wp-content\/uploads\/2015\/08\/ob_b203874cf733fbd8ae2b3dffa70e0208_img-5917.jpg\" class=\"attachment-full size-full\" alt=\"\" aria-describedby=\"gallery-1-748\" srcset=\"https:\/\/www.juli-as.fr\/wp-content\/uploads\/2015\/08\/ob_b203874cf733fbd8ae2b3dffa70e0208_img-5917.jpg 1200w, https:\/\/www.juli-as.fr\/wp-content\/uploads\/2015\/08\/ob_b203874cf733fbd8ae2b3dffa70e0208_img-5917-300x200.jpg 300w, https:\/\/www.juli-as.fr\/wp-content\/uploads\/2015\/08\/ob_b203874cf733fbd8ae2b3dffa70e0208_img-5917-1024x683.jpg 1024w, https:\/\/www.juli-as.fr\/wp-content\/uploads\/2015\/08\/ob_b203874cf733fbd8ae2b3dffa70e0208_img-5917-768x512.jpg 768w\" sizes=\"auto, 100vw\" \/><\/a>\n\t\t\t<\/div>\n\t\t\t\t<figcaption class='wp-caption-text gallery-caption' id='gallery-1-748'>\n\t\t\t\tbayou pr\u00e8s de Lafayette\n\t\t\t\t<\/figcaption><\/figure><figure class='gallery-item'>\n\t\t\t<div class='gallery-icon landscape'>\n\t\t\t\t<a href='https:\/\/www.juli-as.fr\/ob_681a061a2220b4a1f4274d0939c554fc_dsc00269\/'><img loading=\"lazy\" decoding=\"async\" width=\"1200\" height=\"899\" src=\"https:\/\/www.juli-as.fr\/wp-content\/uploads\/2015\/08\/ob_681a061a2220b4a1f4274d0939c554fc_dsc00269.jpg\" class=\"attachment-full size-full\" alt=\"\" aria-describedby=\"gallery-1-746\" srcset=\"https:\/\/www.juli-as.fr\/wp-content\/uploads\/2015\/08\/ob_681a061a2220b4a1f4274d0939c554fc_dsc00269.jpg 1200w, https:\/\/www.juli-as.fr\/wp-content\/uploads\/2015\/08\/ob_681a061a2220b4a1f4274d0939c554fc_dsc00269-300x225.jpg 300w, https:\/\/www.juli-as.fr\/wp-content\/uploads\/2015\/08\/ob_681a061a2220b4a1f4274d0939c554fc_dsc00269-1024x767.jpg 1024w, https:\/\/www.juli-as.fr\/wp-content\/uploads\/2015\/08\/ob_681a061a2220b4a1f4274d0939c554fc_dsc00269-768x575.jpg 768w\" sizes=\"auto, 100vw\" \/><\/a>\n\t\t\t<\/div>\n\t\t\t\t<figcaption class='wp-caption-text gallery-caption' id='gallery-1-746'>\n\t\t\t\tAirboat avec Christian notre couchsurfer cajun\n\t\t\t\t<\/figcaption><\/figure><figure class='gallery-item'>\n\t\t\t<div class='gallery-icon landscape'>\n\t\t\t\t<a href='https:\/\/www.juli-as.fr\/ob_85a40cc572b3744e3ca26eed48240d69_dsc00443\/'><img loading=\"lazy\" decoding=\"async\" width=\"1200\" height=\"899\" src=\"https:\/\/www.juli-as.fr\/wp-content\/uploads\/2015\/08\/ob_85a40cc572b3744e3ca26eed48240d69_dsc00443.jpg\" class=\"attachment-full size-full\" alt=\"\" aria-describedby=\"gallery-1-743\" srcset=\"https:\/\/www.juli-as.fr\/wp-content\/uploads\/2015\/08\/ob_85a40cc572b3744e3ca26eed48240d69_dsc00443.jpg 1200w, https:\/\/www.juli-as.fr\/wp-content\/uploads\/2015\/08\/ob_85a40cc572b3744e3ca26eed48240d69_dsc00443-300x225.jpg 300w, https:\/\/www.juli-as.fr\/wp-content\/uploads\/2015\/08\/ob_85a40cc572b3744e3ca26eed48240d69_dsc00443-1024x767.jpg 1024w, https:\/\/www.juli-as.fr\/wp-content\/uploads\/2015\/08\/ob_85a40cc572b3744e3ca26eed48240d69_dsc00443-768x575.jpg 768w\" sizes=\"auto, 100vw\" \/><\/a>\n\t\t\t<\/div>\n\t\t\t\t<figcaption class='wp-caption-text gallery-caption' id='gallery-1-743'>\n\t\t\t\tJustin nous fait go\u00fbter les meilleurs pancakes d&#8217;Austin\n\t\t\t\t<\/figcaption><\/figure><figure class='gallery-item'>\n\t\t\t<div class='gallery-icon landscape'>\n\t\t\t\t<a href='https:\/\/www.juli-as.fr\/ob_1293808361f04a2fab68571789fad1c0_img-6136\/'><img loading=\"lazy\" decoding=\"async\" width=\"1200\" height=\"800\" src=\"https:\/\/www.juli-as.fr\/wp-content\/uploads\/2015\/08\/ob_1293808361f04a2fab68571789fad1c0_img-6136.jpg\" class=\"attachment-full size-full\" alt=\"\" aria-describedby=\"gallery-1-747\" srcset=\"https:\/\/www.juli-as.fr\/wp-content\/uploads\/2015\/08\/ob_1293808361f04a2fab68571789fad1c0_img-6136.jpg 1200w, https:\/\/www.juli-as.fr\/wp-content\/uploads\/2015\/08\/ob_1293808361f04a2fab68571789fad1c0_img-6136-300x200.jpg 300w, https:\/\/www.juli-as.fr\/wp-content\/uploads\/2015\/08\/ob_1293808361f04a2fab68571789fad1c0_img-6136-1024x683.jpg 1024w, https:\/\/www.juli-as.fr\/wp-content\/uploads\/2015\/08\/ob_1293808361f04a2fab68571789fad1c0_img-6136-768x512.jpg 768w\" sizes=\"auto, 100vw\" \/><\/a>\n\t\t\t<\/div>\n\t\t\t\t<figcaption class='wp-caption-text gallery-caption' id='gallery-1-747'>\n\t\t\t\tDragu\u00e9es dans le bus de nuit par Arnold et Willy\n\t\t\t\t<\/figcaption><\/figure><figure class='gallery-item'>\n\t\t\t<div class='gallery-icon landscape'>\n\t\t\t\t<a href='https:\/\/www.juli-as.fr\/ob_f5411b1b286aa09eb54243a9bbac1d76_img-6097\/'><img loading=\"lazy\" decoding=\"async\" width=\"1200\" height=\"800\" src=\"https:\/\/www.juli-as.fr\/wp-content\/uploads\/2015\/08\/ob_f5411b1b286aa09eb54243a9bbac1d76_img-6097.jpg\" class=\"attachment-full size-full\" alt=\"\" aria-describedby=\"gallery-1-751\" srcset=\"https:\/\/www.juli-as.fr\/wp-content\/uploads\/2015\/08\/ob_f5411b1b286aa09eb54243a9bbac1d76_img-6097.jpg 1200w, https:\/\/www.juli-as.fr\/wp-content\/uploads\/2015\/08\/ob_f5411b1b286aa09eb54243a9bbac1d76_img-6097-300x200.jpg 300w, https:\/\/www.juli-as.fr\/wp-content\/uploads\/2015\/08\/ob_f5411b1b286aa09eb54243a9bbac1d76_img-6097-1024x683.jpg 1024w, https:\/\/www.juli-as.fr\/wp-content\/uploads\/2015\/08\/ob_f5411b1b286aa09eb54243a9bbac1d76_img-6097-768x512.jpg 768w\" sizes=\"auto, 100vw\" \/><\/a>\n\t\t\t<\/div>\n\t\t\t\t<figcaption class='wp-caption-text gallery-caption' id='gallery-1-751'>\n\t\t\t\tNourriture typique d&#8217;Austin\n\t\t\t\t<\/figcaption><\/figure><figure class='gallery-item'>\n\t\t\t<div class='gallery-icon landscape'>\n\t\t\t\t<a href='https:\/\/www.juli-as.fr\/ob_e6311f1af66164ac75f3f05685036914_img-67812\/'><img loading=\"lazy\" decoding=\"async\" width=\"1200\" height=\"800\" src=\"https:\/\/www.juli-as.fr\/wp-content\/uploads\/2015\/08\/ob_e6311f1af66164ac75f3f05685036914_img-67812.jpg\" class=\"attachment-full size-full\" alt=\"\" aria-describedby=\"gallery-1-749\" srcset=\"https:\/\/www.juli-as.fr\/wp-content\/uploads\/2015\/08\/ob_e6311f1af66164ac75f3f05685036914_img-67812.jpg 1200w, https:\/\/www.juli-as.fr\/wp-content\/uploads\/2015\/08\/ob_e6311f1af66164ac75f3f05685036914_img-67812-300x200.jpg 300w, https:\/\/www.juli-as.fr\/wp-content\/uploads\/2015\/08\/ob_e6311f1af66164ac75f3f05685036914_img-67812-1024x683.jpg 1024w, https:\/\/www.juli-as.fr\/wp-content\/uploads\/2015\/08\/ob_e6311f1af66164ac75f3f05685036914_img-67812-768x512.jpg 768w\" sizes=\"auto, 100vw\" \/><\/a>\n\t\t\t<\/div>\n\t\t\t\t<figcaption class='wp-caption-text gallery-caption' id='gallery-1-749'>\n\t\t\t\tA Flagstaff, je m&#8217;applique \u00e0 tirer, suivant les conseils avis\u00e9s de Berk, qui a d\u00e9j\u00e0 tu\u00e9 un ours\n\t\t\t\t<\/figcaption><\/figure><figure class='gallery-item'>\n\t\t\t<div class='gallery-icon landscape'>\n\t\t\t\t<a href='https:\/\/www.juli-as.fr\/ob_13bcc1bf6f049fcbd2de0c902aba3493_img-68054-2\/'><img loading=\"lazy\" decoding=\"async\" width=\"1200\" height=\"800\" src=\"https:\/\/www.juli-as.fr\/wp-content\/uploads\/2015\/08\/ob_13bcc1bf6f049fcbd2de0c902aba3493_img-680541.jpg\" class=\"attachment-full size-full\" alt=\"\" aria-describedby=\"gallery-1-742\" srcset=\"https:\/\/www.juli-as.fr\/wp-content\/uploads\/2015\/08\/ob_13bcc1bf6f049fcbd2de0c902aba3493_img-680541.jpg 1200w, https:\/\/www.juli-as.fr\/wp-content\/uploads\/2015\/08\/ob_13bcc1bf6f049fcbd2de0c902aba3493_img-680541-300x200.jpg 300w, https:\/\/www.juli-as.fr\/wp-content\/uploads\/2015\/08\/ob_13bcc1bf6f049fcbd2de0c902aba3493_img-680541-1024x683.jpg 1024w, https:\/\/www.juli-as.fr\/wp-content\/uploads\/2015\/08\/ob_13bcc1bf6f049fcbd2de0c902aba3493_img-680541-768x512.jpg 768w\" sizes=\"auto, 100vw\" \/><\/a>\n\t\t\t<\/div>\n\t\t\t\t<figcaption class='wp-caption-text gallery-caption' id='gallery-1-742'>\n\t\t\t\tSur la piste d&#8217;un vortex \u00e0 Sedona\n\t\t\t\t<\/figcaption><\/figure><figure class='gallery-item'>\n\t\t\t<div class='gallery-icon landscape'>\n\t\t\t\t<a href='https:\/\/www.juli-as.fr\/ob_ea0a3aceb1f88ed020065378fa5886dc_img-6263\/'><img loading=\"lazy\" decoding=\"async\" width=\"1200\" height=\"800\" src=\"https:\/\/www.juli-as.fr\/wp-content\/uploads\/2015\/08\/ob_ea0a3aceb1f88ed020065378fa5886dc_img-6263.jpg\" class=\"attachment-full size-full\" alt=\"\" aria-describedby=\"gallery-1-750\" srcset=\"https:\/\/www.juli-as.fr\/wp-content\/uploads\/2015\/08\/ob_ea0a3aceb1f88ed020065378fa5886dc_img-6263.jpg 1200w, https:\/\/www.juli-as.fr\/wp-content\/uploads\/2015\/08\/ob_ea0a3aceb1f88ed020065378fa5886dc_img-6263-300x200.jpg 300w, https:\/\/www.juli-as.fr\/wp-content\/uploads\/2015\/08\/ob_ea0a3aceb1f88ed020065378fa5886dc_img-6263-1024x683.jpg 1024w, https:\/\/www.juli-as.fr\/wp-content\/uploads\/2015\/08\/ob_ea0a3aceb1f88ed020065378fa5886dc_img-6263-768x512.jpg 768w\" sizes=\"auto, 100vw\" \/><\/a>\n\t\t\t<\/div>\n\t\t\t\t<figcaption class='wp-caption-text gallery-caption' id='gallery-1-750'>\n\t\t\t\tCl\u00e9mentine repeint le Nouveau Mexique\n\t\t\t\t<\/figcaption><\/figure>\n\t\t<\/div>\n\n","protected":false},"excerpt":{"rendered":"<p>Nous traverserons 11 \u00c9tats lors de ce p\u00e9riple, mais certains nous ont marqu\u00e9 plus que d&#8217;autres. La Louisiane, tout particuli\u00e8rement, qui restera dans un coin de ma t\u00eate jusqu&#8217;\u00e0 la retraite, avec ses bayous, ses habitants chaleureux, et ses d\u00e9cors improbables, mais aussi le Texas, qui, contrairement \u00e0 ce qu&#8217;en pensent les habitants des \u00c9tats &hellip; <\/p>\n<p class=\"link-more\"><a href=\"https:\/\/www.juli-as.fr\/index.php\/blog-de-voyage\/destination-usa\/louisiane-texas-arizona\/\" class=\"more-link\">Continue reading<span class=\"screen-reader-text\"> &#8220;Louisiane, Texas, Arizona&#8221;<\/span><\/a><\/p>\n","protected":false},"author":2,"featured_media":0,"parent":588,"menu_order":0,"comment_status":"open","ping_status":"open","template":"","meta":{"two_page_speed":[],"footnotes":""},"class_list":["post-739","page","type-page","status-publish","hentry"],"_links":{"self":[{"href":"https:\/\/www.juli-as.fr\/index.php\/wp-json\/wp\/v2\/pages\/739","targetHints":{"allow":["GET"]}}],"collection":[{"href":"https:\/\/www.juli-as.fr\/index.php\/wp-json\/wp\/v2\/pages"}],"about":[{"href":"https:\/\/www.juli-as.fr\/index.php\/wp-json\/wp\/v2\/types\/page"}],"author":[{"embeddable":true,"href":"https:\/\/www.juli-as.fr\/index.php\/wp-json\/wp\/v2\/users\/2"}],"replies":[{"embeddable":true,"href":"https:\/\/www.juli-as.fr\/index.php\/wp-json\/wp\/v2\/comments?post=739"}],"version-history":[{"count":0,"href":"https:\/\/www.juli-as.fr\/index.php\/wp-json\/wp\/v2\/pages\/739\/revisions"}],"up":[{"embeddable":true,"href":"https:\/\/www.juli-as.fr\/index.php\/wp-json\/wp\/v2\/pages\/588"}],"wp:attachment":[{"href":"https:\/\/www.juli-as.fr\/index.php\/wp-json\/wp\/v2\/media?parent=739"}],"curies":[{"name":"wp","href":"https:\/\/api.w.org\/{rel}","templated":true}]}}